{"id":4852,"date":"2024-08-27T12:53:13","date_gmt":"2024-08-27T12:53:13","guid":{"rendered":"https:\/\/mihkelsoon.com\/?post_type=product&#038;p=4852"},"modified":"2024-08-27T13:01:59","modified_gmt":"2024-08-27T13:01:59","slug":"hiiu-kandlo-poogon","status":"publish","type":"product","link":"https:\/\/mihkelsoon.com\/vo\/toode\/hiiu-kandlo-poogon\/","title":{"rendered":"Hiiu kandl\u00f5 poog\u00f5n"},"content":{"rendered":"","protected":false},"excerpt":{"rendered":"<p>Loomulids\u00f5 hob\u00f5s\u00f5saba j\u00f5hvega poog\u00f5n, kumard\u00f5du poognapuuga.<\/p>\n","protected":false},"featured_media":4914,"template":"","meta":{"inline_featured_image":false,"site-sidebar-layout":"default","site-content-layout":"","ast-site-content-layout":"default","site-content-style":"default","site-sidebar-style":"default","ast-global-header-display":"","ast-banner-title-visibility":"","ast-main-header-display":"","ast-hfb-above-header-display":"","ast-hfb-below-header-display":"","ast-hfb-mobile-header-display":"","site-post-title":"","ast-breadcrumbs-content":"","ast-featured-img":"","footer-sml-layout":"","theme-transparent-header-meta":"default","adv-header-id-meta":"","stick-header-meta":"default","header-above-stick-meta":"","header-main-stick-meta":"","header-below-stick-meta":"","astra-migrate-meta-layouts":"default","ast-page-background-enabled":"default","ast-page-background-meta":{"desktop":{"background-color":"","background-image":"","background-repeat":"repeat","background-position":"center center","background-size":"auto","background-attachment":"scroll","background-type":"","background-media":"","overlay-type":"","overlay-color":"","overlay-opacity":"","overlay-gradient":""},"tablet":{"background-color":"","background-image":"","background-repeat":"repeat","background-position":"center center","background-size":"auto","background-attachment":"scroll","background-type":"","background-media":"","overlay-type":"","overlay-color":"","overlay-opacity":"","overlay-gradient":""},"mobile":{"background-color":"","background-image":"","background-repeat":"repeat","background-position":"center center","background-size":"auto","background-attachment":"scroll","background-type":"","background-media":"","overlay-type":"","overlay-color":"","overlay-opacity":"","overlay-gradient":""}},"ast-content-background-meta":{"desktop":{"background-color":"var(--ast-global-color-5)","background-image":"","background-repeat":"repeat","background-position":"center center","background-size":"auto","background-attachment":"scroll","background-type":"","background-media":"","overlay-type":"","overlay-color":"","overlay-opacity":"","overlay-gradient":""},"tablet":{"background-color":"var(--ast-global-color-5)","background-image":"","background-repeat":"repeat","background-position":"center center","background-size":"auto","background-attachment":"scroll","background-type":"","background-media":"","overlay-type":"","overlay-color":"","overlay-opacity":"","overlay-gradient":""},"mobile":{"background-color":"var(--ast-global-color-5)","background-image":"","background-repeat":"repeat","background-position":"center center","background-size":"auto","background-attachment":"scroll","background-type":"","background-media":"","overlay-type":"","overlay-color":"","overlay-opacity":"","overlay-gradient":""}}},"product_brand":[],"product_cat":[169],"product_tag":[],"class_list":{"0":"post-4852","1":"product","2":"type-product","3":"status-publish","4":"has-post-thumbnail","6":"product_cat-tarviligu-asa","7":"desktop-align-left","8":"tablet-align-left","9":"mobile-align-left","10":"ast-product-gallery-layout-horizontal-slider","11":"ast-product-single-variable","13":"first","14":"instock","15":"taxable","16":"shipping-taxable","17":"purchasable","18":"product-type-variable"},"yoast_head":"<!-- This site is optimized with the Yoast SEO plugin v27.4 - https:\/\/yoast.com\/product\/yoast-seo-wordpress\/ -->\n<title>Hiiu kandl\u00f5 poog\u00f5n - Pillimeister Mihkel Soon<\/title>\n<meta name=\"robots\" content=\"index, follow, max-snippet:-1, max-image-preview:large, max-video-preview:-1\" \/>\n<link rel=\"canonical\" href=\"https:\/\/mihkelsoon.com\/vo\/toode\/hiiu-kandlo-poogon\/\" \/>\n<meta property=\"og:locale\" content=\"en_US\" \/>\n<meta property=\"og:type\" content=\"article\" \/>\n<meta property=\"og:title\" content=\"Hiiu kandl\u00f5 poog\u00f5n - Pillimeister Mihkel Soon\" \/>\n<meta property=\"og:description\" content=\"Loomulids\u00f5 hob\u00f5s\u00f5saba j\u00f5hvega poog\u00f5n, kumard\u00f5du poognapuuga.\" \/>\n<meta property=\"og:url\" content=\"https:\/\/mihkelsoon.com\/vo\/toode\/hiiu-kandlo-poogon\/\" \/>\n<meta property=\"og:site_name\" content=\"Pillimeister Mihkel Soon\" \/>\n<meta property=\"article:publisher\" content=\"https:\/\/www.facebook.com\/kandlemeister\" \/>\n<meta property=\"article:modified_time\" content=\"2024-08-27T13:01:59+00:00\" \/>\n<meta property=\"og:image\" content=\"https:\/\/mihkelsoon.com\/wp-content\/uploads\/2024\/08\/poogen-tume-johv-scaled-1.png\" \/>\n\t<meta property=\"og:image:width\" content=\"2560\" \/>\n\t<meta property=\"og:image:height\" content=\"1707\" \/>\n\t<meta property=\"og:image:type\" content=\"image\/png\" \/>\n<meta name=\"twitter:card\" content=\"summary_large_image\" \/>\n<script type=\"application\/ld+json\" class=\"yoast-schema-graph\">{\"@context\":\"https:\\\/\\\/schema.org\",\"@graph\":[{\"@type\":\"WebPage\",\"@id\":\"https:\\\/\\\/mihkelsoon.com\\\/vo\\\/toode\\\/hiiu-kandlo-poogon\\\/\",\"url\":\"https:\\\/\\\/mihkelsoon.com\\\/vo\\\/toode\\\/hiiu-kandlo-poogon\\\/\",\"name\":\"Hiiu kandl\u00f5 poog\u00f5n - Pillimeister Mihkel Soon\",\"isPartOf\":{\"@id\":\"https:\\\/\\\/mihkelsoon.com\\\/#website\"},\"primaryImageOfPage\":{\"@id\":\"https:\\\/\\\/mihkelsoon.com\\\/vo\\\/toode\\\/hiiu-kandlo-poogon\\\/#primaryimage\"},\"image\":{\"@id\":\"https:\\\/\\\/mihkelsoon.com\\\/vo\\\/toode\\\/hiiu-kandlo-poogon\\\/#primaryimage\"},\"thumbnailUrl\":\"https:\\\/\\\/mihkelsoon.com\\\/wp-content\\\/uploads\\\/2024\\\/08\\\/poogen-tume-johv-scaled-1.png\",\"datePublished\":\"2024-08-27T12:53:13+00:00\",\"dateModified\":\"2024-08-27T13:01:59+00:00\",\"breadcrumb\":{\"@id\":\"https:\\\/\\\/mihkelsoon.com\\\/vo\\\/toode\\\/hiiu-kandlo-poogon\\\/#breadcrumb\"},\"inLanguage\":\"vo\",\"potentialAction\":[{\"@type\":\"ReadAction\",\"target\":[\"https:\\\/\\\/mihkelsoon.com\\\/vo\\\/toode\\\/hiiu-kandlo-poogon\\\/\"]}]},{\"@type\":\"ImageObject\",\"inLanguage\":\"vo\",\"@id\":\"https:\\\/\\\/mihkelsoon.com\\\/vo\\\/toode\\\/hiiu-kandlo-poogon\\\/#primaryimage\",\"url\":\"https:\\\/\\\/mihkelsoon.com\\\/wp-content\\\/uploads\\\/2024\\\/08\\\/poogen-tume-johv-scaled-1.png\",\"contentUrl\":\"https:\\\/\\\/mihkelsoon.com\\\/wp-content\\\/uploads\\\/2024\\\/08\\\/poogen-tume-johv-scaled-1.png\",\"width\":2560,\"height\":1707},{\"@type\":\"BreadcrumbList\",\"@id\":\"https:\\\/\\\/mihkelsoon.com\\\/vo\\\/toode\\\/hiiu-kandlo-poogon\\\/#breadcrumb\",\"itemListElement\":[{\"@type\":\"ListItem\",\"position\":1,\"name\":\"Home\",\"item\":\"https:\\\/\\\/mihkelsoon.com\\\/\"},{\"@type\":\"ListItem\",\"position\":2,\"name\":\"Tooted\",\"item\":\"https:\\\/\\\/mihkelsoon.com\\\/shop\\\/\"},{\"@type\":\"ListItem\",\"position\":3,\"name\":\"Hiiu kandl\u00f5 poog\u00f5n\"}]},{\"@type\":\"WebSite\",\"@id\":\"https:\\\/\\\/mihkelsoon.com\\\/#website\",\"url\":\"https:\\\/\\\/mihkelsoon.com\\\/\",\"name\":\"Pillimeister Mihkel Soon\",\"description\":\"V\u00e4ikekannelde ja hiiu-rootsi kannelde m\u00fc\u00fck, tellimust\u00f6\u00f6na valmistamine ja remont.\",\"publisher\":{\"@id\":\"https:\\\/\\\/mihkelsoon.com\\\/#organization\"},\"potentialAction\":[{\"@type\":\"SearchAction\",\"target\":{\"@type\":\"EntryPoint\",\"urlTemplate\":\"https:\\\/\\\/mihkelsoon.com\\\/?s={search_term_string}\"},\"query-input\":{\"@type\":\"PropertyValueSpecification\",\"valueRequired\":true,\"valueName\":\"search_term_string\"}}],\"inLanguage\":\"vo\"},{\"@type\":\"Organization\",\"@id\":\"https:\\\/\\\/mihkelsoon.com\\\/#organization\",\"name\":\"Pillimeister Mihkel Soon O\u00dc\",\"url\":\"https:\\\/\\\/mihkelsoon.com\\\/\",\"logo\":{\"@type\":\"ImageObject\",\"inLanguage\":\"vo\",\"@id\":\"https:\\\/\\\/mihkelsoon.com\\\/#\\\/schema\\\/logo\\\/image\\\/\",\"url\":\"https:\\\/\\\/mihkelsoon.com\\\/wp-content\\\/uploads\\\/2023\\\/04\\\/Mihkel-Soon-logo-500x500-500-\u00d7-200-px.svg\",\"contentUrl\":\"https:\\\/\\\/mihkelsoon.com\\\/wp-content\\\/uploads\\\/2023\\\/04\\\/Mihkel-Soon-logo-500x500-500-\u00d7-200-px.svg\",\"width\":500,\"height\":200,\"caption\":\"Pillimeister Mihkel Soon O\u00dc\"},\"image\":{\"@id\":\"https:\\\/\\\/mihkelsoon.com\\\/#\\\/schema\\\/logo\\\/image\\\/\"},\"sameAs\":[\"https:\\\/\\\/www.facebook.com\\\/kandlemeister\"]}]}<\/script>\n<!-- \/ Yoast SEO plugin. -->","yoast_head_json":{"title":"Hiiu kandl\u00f5 poog\u00f5n - Pillimeister Mihkel Soon","robots":{"index":"index","follow":"follow","max-snippet":"max-snippet:-1","max-image-preview":"max-image-preview:large","max-video-preview":"max-video-preview:-1"},"canonical":"https:\/\/mihkelsoon.com\/vo\/toode\/hiiu-kandlo-poogon\/","og_locale":"en_US","og_type":"article","og_title":"Hiiu kandl\u00f5 poog\u00f5n - Pillimeister Mihkel Soon","og_description":"Loomulids\u00f5 hob\u00f5s\u00f5saba j\u00f5hvega poog\u00f5n, kumard\u00f5du poognapuuga.","og_url":"https:\/\/mihkelsoon.com\/vo\/toode\/hiiu-kandlo-poogon\/","og_site_name":"Pillimeister Mihkel Soon","article_publisher":"https:\/\/www.facebook.com\/kandlemeister","article_modified_time":"2024-08-27T13:01:59+00:00","og_image":[{"width":2560,"height":1707,"url":"https:\/\/mihkelsoon.com\/wp-content\/uploads\/2024\/08\/poogen-tume-johv-scaled-1.png","type":"image\/png"}],"twitter_card":"summary_large_image","schema":{"@context":"https:\/\/schema.org","@graph":[{"@type":"WebPage","@id":"https:\/\/mihkelsoon.com\/vo\/toode\/hiiu-kandlo-poogon\/","url":"https:\/\/mihkelsoon.com\/vo\/toode\/hiiu-kandlo-poogon\/","name":"Hiiu kandl\u00f5 poog\u00f5n - Pillimeister Mihkel Soon","isPartOf":{"@id":"https:\/\/mihkelsoon.com\/#website"},"primaryImageOfPage":{"@id":"https:\/\/mihkelsoon.com\/vo\/toode\/hiiu-kandlo-poogon\/#primaryimage"},"image":{"@id":"https:\/\/mihkelsoon.com\/vo\/toode\/hiiu-kandlo-poogon\/#primaryimage"},"thumbnailUrl":"https:\/\/mihkelsoon.com\/wp-content\/uploads\/2024\/08\/poogen-tume-johv-scaled-1.png","datePublished":"2024-08-27T12:53:13+00:00","dateModified":"2024-08-27T13:01:59+00:00","breadcrumb":{"@id":"https:\/\/mihkelsoon.com\/vo\/toode\/hiiu-kandlo-poogon\/#breadcrumb"},"inLanguage":"vo","potentialAction":[{"@type":"ReadAction","target":["https:\/\/mihkelsoon.com\/vo\/toode\/hiiu-kandlo-poogon\/"]}]},{"@type":"ImageObject","inLanguage":"vo","@id":"https:\/\/mihkelsoon.com\/vo\/toode\/hiiu-kandlo-poogon\/#primaryimage","url":"https:\/\/mihkelsoon.com\/wp-content\/uploads\/2024\/08\/poogen-tume-johv-scaled-1.png","contentUrl":"https:\/\/mihkelsoon.com\/wp-content\/uploads\/2024\/08\/poogen-tume-johv-scaled-1.png","width":2560,"height":1707},{"@type":"BreadcrumbList","@id":"https:\/\/mihkelsoon.com\/vo\/toode\/hiiu-kandlo-poogon\/#breadcrumb","itemListElement":[{"@type":"ListItem","position":1,"name":"Home","item":"https:\/\/mihkelsoon.com\/"},{"@type":"ListItem","position":2,"name":"Tooted","item":"https:\/\/mihkelsoon.com\/shop\/"},{"@type":"ListItem","position":3,"name":"Hiiu kandl\u00f5 poog\u00f5n"}]},{"@type":"WebSite","@id":"https:\/\/mihkelsoon.com\/#website","url":"https:\/\/mihkelsoon.com\/","name":"Pillimeister Mihkel Soon","description":"V\u00e4ikekannelde ja hiiu-rootsi kannelde m\u00fc\u00fck, tellimust\u00f6\u00f6na valmistamine ja remont.","publisher":{"@id":"https:\/\/mihkelsoon.com\/#organization"},"potentialAction":[{"@type":"SearchAction","target":{"@type":"EntryPoint","urlTemplate":"https:\/\/mihkelsoon.com\/?s={search_term_string}"},"query-input":{"@type":"PropertyValueSpecification","valueRequired":true,"valueName":"search_term_string"}}],"inLanguage":"vo"},{"@type":"Organization","@id":"https:\/\/mihkelsoon.com\/#organization","name":"Pillimeister Mihkel Soon O\u00dc","url":"https:\/\/mihkelsoon.com\/","logo":{"@type":"ImageObject","inLanguage":"vo","@id":"https:\/\/mihkelsoon.com\/#\/schema\/logo\/image\/","url":"https:\/\/mihkelsoon.com\/wp-content\/uploads\/2023\/04\/Mihkel-Soon-logo-500x500-500-\u00d7-200-px.svg","contentUrl":"https:\/\/mihkelsoon.com\/wp-content\/uploads\/2023\/04\/Mihkel-Soon-logo-500x500-500-\u00d7-200-px.svg","width":500,"height":200,"caption":"Pillimeister Mihkel Soon O\u00dc"},"image":{"@id":"https:\/\/mihkelsoon.com\/#\/schema\/logo\/image\/"},"sameAs":["https:\/\/www.facebook.com\/kandlemeister"]}]}},"_links":{"self":[{"href":"https:\/\/mihkelsoon.com\/vo\/wp-json\/wp\/v2\/product\/4852","targetHints":{"allow":["GET"]}}],"collection":[{"href":"https:\/\/mihkelsoon.com\/vo\/wp-json\/wp\/v2\/product"}],"about":[{"href":"https:\/\/mihkelsoon.com\/vo\/wp-json\/wp\/v2\/types\/product"}],"wp:featuredmedia":[{"embeddable":true,"href":"https:\/\/mihkelsoon.com\/vo\/wp-json\/wp\/v2\/media\/4914"}],"wp:attachment":[{"href":"https:\/\/mihkelsoon.com\/vo\/wp-json\/wp\/v2\/media?parent=4852"}],"wp:term":[{"taxonomy":"product_brand","embeddable":true,"href":"https:\/\/mihkelsoon.com\/vo\/wp-json\/wp\/v2\/product_brand?post=4852"},{"taxonomy":"product_cat","embeddable":true,"href":"https:\/\/mihkelsoon.com\/vo\/wp-json\/wp\/v2\/product_cat?post=4852"},{"taxonomy":"product_tag","embeddable":true,"href":"https:\/\/mihkelsoon.com\/vo\/wp-json\/wp\/v2\/product_tag?post=4852"}],"curies":[{"name":"wp","href":"https:\/\/api.w.org\/{rel}","templated":true}]}}