{"id":3596,"date":"2023-04-17T12:40:40","date_gmt":"2023-04-17T12:40:40","guid":{"rendered":"http:\/\/mihkelsoon.com\/toode\/lamonti-harbi-kott\/"},"modified":"2023-05-08T12:48:27","modified_gmt":"2023-05-08T12:48:27","slug":"lamonti-harbi-kott","status":"publish","type":"product","link":"https:\/\/mihkelsoon.com\/vo\/toode\/lamonti-harbi-kott\/","title":{"rendered":"lamonti harbi kott"},"content":{"rendered":"","protected":false},"excerpt":{"rendered":"<p>Harilik kott pilli \u00fctenvid\u00e4mises \u2013 nailonist polstriga, olarihma ja karmaniga. Hoit niiskus\u00f5 ja veid\u00fc\u2019 kehv\u00e4poolits\u00f5mba ilma iist. Ei p\u00e4st\u00e4\u2019 sadamis\u00f5 ega litsmis\u00f5 k\u00f5rral ja ei k\u00f5lba\u2019 pilli vid\u00e4mises linnugi pakiruumin.<\/p>\n","protected":false},"featured_media":4471,"template":"","meta":{"inline_featured_image":false,"site-sidebar-layout":"default","site-content-layout":"default","ast-site-content-layout":"default","site-content-style":"default","site-sidebar-style":"default","ast-global-header-display":"","ast-banner-title-visibility":"","ast-main-header-display":"","ast-hfb-above-header-display":"","ast-hfb-below-header-display":"","ast-hfb-mobile-header-display":"","site-post-title":"","ast-breadcrumbs-content":"","ast-featured-img":"","footer-sml-layout":"","theme-transparent-header-meta":"default","adv-header-id-meta":"","stick-header-meta":"","header-above-stick-meta":"","header-main-stick-meta":"","header-below-stick-meta":"","astra-migrate-meta-layouts":"default","ast-page-background-enabled":"default","ast-page-background-meta":{"desktop":{"background-color":"","background-image":"","background-repeat":"repeat","background-position":"center center","background-size":"auto","background-attachment":"scroll","background-type":"","background-media":"","overlay-type":"","overlay-color":"","overlay-opacity":"","overlay-gradient":""},"tablet":{"background-color":"","background-image":"","background-repeat":"repeat","background-position":"center center","background-size":"auto","background-attachment":"scroll","background-type":"","background-media":"","overlay-type":"","overlay-color":"","overlay-opacity":"","overlay-gradient":""},"mobile":{"background-color":"","background-image":"","background-repeat":"repeat","background-position":"center center","background-size":"auto","background-attachment":"scroll","background-type":"","background-media":"","overlay-type":"","overlay-color":"","overlay-opacity":"","overlay-gradient":""}},"ast-content-background-meta":{"desktop":{"background-color":"var(--ast-global-color-5)","background-image":"","background-repeat":"repeat","background-position":"center center","background-size":"auto","background-attachment":"scroll","background-type":"","background-media":"","overlay-type":"","overlay-color":"","overlay-opacity":"","overlay-gradient":""},"tablet":{"background-color":"var(--ast-global-color-5)","background-image":"","background-repeat":"repeat","background-position":"center center","background-size":"auto","background-attachment":"scroll","background-type":"","background-media":"","overlay-type":"","overlay-color":"","overlay-opacity":"","overlay-gradient":""},"mobile":{"background-color":"var(--ast-global-color-5)","background-image":"","background-repeat":"repeat","background-position":"center center","background-size":"auto","background-attachment":"scroll","background-type":"","background-media":"","overlay-type":"","overlay-color":"","overlay-opacity":"","overlay-gradient":""}}},"product_brand":[],"product_cat":[147,169],"product_tag":[],"class_list":{"0":"post-3596","1":"product","2":"type-product","3":"status-publish","4":"has-post-thumbnail","6":"product_cat-gaeli-harbi","7":"product_cat-tarviligu-asa","8":"product_shipping_class-tarviligu-asa","9":"desktop-align-left","10":"tablet-align-left","11":"mobile-align-left","12":"ast-product-gallery-layout-horizontal-slider","13":"ast-product-gallery-with-no-image","15":"first","16":"onbackorder","17":"taxable","18":"shipping-taxable","19":"purchasable","20":"product-type-simple"},"yoast_head":"<!-- This site is optimized with the Yoast SEO plugin v27.4 - https:\/\/yoast.com\/product\/yoast-seo-wordpress\/ -->\n<title>lamonti harbi kott - Pillimeister Mihkel Soon<\/title>\n<meta name=\"robots\" content=\"index, follow, max-snippet:-1, max-image-preview:large, max-video-preview:-1\" \/>\n<link rel=\"canonical\" href=\"https:\/\/mihkelsoon.com\/vo\/toode\/lamonti-harbi-kott\/\" \/>\n<meta property=\"og:locale\" content=\"en_US\" \/>\n<meta property=\"og:type\" content=\"article\" \/>\n<meta property=\"og:title\" content=\"lamonti harbi kott - Pillimeister Mihkel Soon\" \/>\n<meta property=\"og:description\" content=\"Harilik kott pilli \u00fctenvid\u00e4mises \u2013 nailonist polstriga, olarihma ja karmaniga. Hoit niiskus\u00f5 ja veid\u00fc\u2019 kehv\u00e4poolits\u00f5mba ilma iist. Ei p\u00e4st\u00e4\u2019 sadamis\u00f5 ega litsmis\u00f5 k\u00f5rral ja ei k\u00f5lba\u2019 pilli vid\u00e4mises linnugi pakiruumin.\" \/>\n<meta property=\"og:url\" content=\"https:\/\/mihkelsoon.com\/vo\/toode\/lamonti-harbi-kott\/\" \/>\n<meta property=\"og:site_name\" content=\"Pillimeister Mihkel Soon\" \/>\n<meta property=\"article:publisher\" content=\"https:\/\/www.facebook.com\/kandlemeister\" \/>\n<meta property=\"article:modified_time\" content=\"2023-05-08T12:48:27+00:00\" \/>\n<meta property=\"og:image\" content=\"https:\/\/mihkelsoon.com\/wp-content\/uploads\/2023\/04\/Lamonti-harfi-kott-1024x683.png\" \/>\n\t<meta property=\"og:image:width\" content=\"1024\" \/>\n\t<meta property=\"og:image:height\" content=\"683\" \/>\n\t<meta property=\"og:image:type\" content=\"image\/png\" \/>\n<meta name=\"twitter:card\" content=\"summary_large_image\" \/>\n<script type=\"application\/ld+json\" class=\"yoast-schema-graph\">{\"@context\":\"https:\\\/\\\/schema.org\",\"@graph\":[{\"@type\":\"WebPage\",\"@id\":\"https:\\\/\\\/mihkelsoon.com\\\/vo\\\/toode\\\/lamonti-harbi-kott\\\/\",\"url\":\"https:\\\/\\\/mihkelsoon.com\\\/vo\\\/toode\\\/lamonti-harbi-kott\\\/\",\"name\":\"lamonti harbi kott - Pillimeister Mihkel Soon\",\"isPartOf\":{\"@id\":\"https:\\\/\\\/mihkelsoon.com\\\/#website\"},\"primaryImageOfPage\":{\"@id\":\"https:\\\/\\\/mihkelsoon.com\\\/vo\\\/toode\\\/lamonti-harbi-kott\\\/#primaryimage\"},\"image\":{\"@id\":\"https:\\\/\\\/mihkelsoon.com\\\/vo\\\/toode\\\/lamonti-harbi-kott\\\/#primaryimage\"},\"thumbnailUrl\":\"https:\\\/\\\/mihkelsoon.com\\\/wp-content\\\/uploads\\\/2023\\\/04\\\/Lamonti-harfi-kott.png\",\"datePublished\":\"2023-04-17T12:40:40+00:00\",\"dateModified\":\"2023-05-08T12:48:27+00:00\",\"breadcrumb\":{\"@id\":\"https:\\\/\\\/mihkelsoon.com\\\/vo\\\/toode\\\/lamonti-harbi-kott\\\/#breadcrumb\"},\"inLanguage\":\"vo\",\"potentialAction\":[{\"@type\":\"ReadAction\",\"target\":[\"https:\\\/\\\/mihkelsoon.com\\\/vo\\\/toode\\\/lamonti-harbi-kott\\\/\"]}]},{\"@type\":\"ImageObject\",\"inLanguage\":\"vo\",\"@id\":\"https:\\\/\\\/mihkelsoon.com\\\/vo\\\/toode\\\/lamonti-harbi-kott\\\/#primaryimage\",\"url\":\"https:\\\/\\\/mihkelsoon.com\\\/wp-content\\\/uploads\\\/2023\\\/04\\\/Lamonti-harfi-kott.png\",\"contentUrl\":\"https:\\\/\\\/mihkelsoon.com\\\/wp-content\\\/uploads\\\/2023\\\/04\\\/Lamonti-harfi-kott.png\",\"width\":4749,\"height\":3166},{\"@type\":\"BreadcrumbList\",\"@id\":\"https:\\\/\\\/mihkelsoon.com\\\/vo\\\/toode\\\/lamonti-harbi-kott\\\/#breadcrumb\",\"itemListElement\":[{\"@type\":\"ListItem\",\"position\":1,\"name\":\"Home\",\"item\":\"https:\\\/\\\/mihkelsoon.com\\\/\"},{\"@type\":\"ListItem\",\"position\":2,\"name\":\"Tooted\",\"item\":\"https:\\\/\\\/mihkelsoon.com\\\/shop\\\/\"},{\"@type\":\"ListItem\",\"position\":3,\"name\":\"lamonti harbi kott\"}]},{\"@type\":\"WebSite\",\"@id\":\"https:\\\/\\\/mihkelsoon.com\\\/#website\",\"url\":\"https:\\\/\\\/mihkelsoon.com\\\/\",\"name\":\"Pillimeister Mihkel Soon\",\"description\":\"V\u00e4ikekannelde ja hiiu-rootsi kannelde m\u00fc\u00fck, tellimust\u00f6\u00f6na valmistamine ja remont.\",\"publisher\":{\"@id\":\"https:\\\/\\\/mihkelsoon.com\\\/#organization\"},\"potentialAction\":[{\"@type\":\"SearchAction\",\"target\":{\"@type\":\"EntryPoint\",\"urlTemplate\":\"https:\\\/\\\/mihkelsoon.com\\\/?s={search_term_string}\"},\"query-input\":{\"@type\":\"PropertyValueSpecification\",\"valueRequired\":true,\"valueName\":\"search_term_string\"}}],\"inLanguage\":\"vo\"},{\"@type\":\"Organization\",\"@id\":\"https:\\\/\\\/mihkelsoon.com\\\/#organization\",\"name\":\"Pillimeister Mihkel Soon O\u00dc\",\"url\":\"https:\\\/\\\/mihkelsoon.com\\\/\",\"logo\":{\"@type\":\"ImageObject\",\"inLanguage\":\"vo\",\"@id\":\"https:\\\/\\\/mihkelsoon.com\\\/#\\\/schema\\\/logo\\\/image\\\/\",\"url\":\"https:\\\/\\\/mihkelsoon.com\\\/wp-content\\\/uploads\\\/2023\\\/04\\\/Mihkel-Soon-logo-500x500-500-\u00d7-200-px.svg\",\"contentUrl\":\"https:\\\/\\\/mihkelsoon.com\\\/wp-content\\\/uploads\\\/2023\\\/04\\\/Mihkel-Soon-logo-500x500-500-\u00d7-200-px.svg\",\"width\":500,\"height\":200,\"caption\":\"Pillimeister Mihkel Soon O\u00dc\"},\"image\":{\"@id\":\"https:\\\/\\\/mihkelsoon.com\\\/#\\\/schema\\\/logo\\\/image\\\/\"},\"sameAs\":[\"https:\\\/\\\/www.facebook.com\\\/kandlemeister\"]}]}<\/script>\n<!-- \/ Yoast SEO plugin. -->","yoast_head_json":{"title":"lamonti harbi kott - Pillimeister Mihkel Soon","robots":{"index":"index","follow":"follow","max-snippet":"max-snippet:-1","max-image-preview":"max-image-preview:large","max-video-preview":"max-video-preview:-1"},"canonical":"https:\/\/mihkelsoon.com\/vo\/toode\/lamonti-harbi-kott\/","og_locale":"en_US","og_type":"article","og_title":"lamonti harbi kott - Pillimeister Mihkel Soon","og_description":"Harilik kott pilli \u00fctenvid\u00e4mises \u2013 nailonist polstriga, olarihma ja karmaniga. Hoit niiskus\u00f5 ja veid\u00fc\u2019 kehv\u00e4poolits\u00f5mba ilma iist. Ei p\u00e4st\u00e4\u2019 sadamis\u00f5 ega litsmis\u00f5 k\u00f5rral ja ei k\u00f5lba\u2019 pilli vid\u00e4mises linnugi pakiruumin.","og_url":"https:\/\/mihkelsoon.com\/vo\/toode\/lamonti-harbi-kott\/","og_site_name":"Pillimeister Mihkel Soon","article_publisher":"https:\/\/www.facebook.com\/kandlemeister","article_modified_time":"2023-05-08T12:48:27+00:00","og_image":[{"width":1024,"height":683,"url":"https:\/\/mihkelsoon.com\/wp-content\/uploads\/2023\/04\/Lamonti-harfi-kott-1024x683.png","type":"image\/png"}],"twitter_card":"summary_large_image","schema":{"@context":"https:\/\/schema.org","@graph":[{"@type":"WebPage","@id":"https:\/\/mihkelsoon.com\/vo\/toode\/lamonti-harbi-kott\/","url":"https:\/\/mihkelsoon.com\/vo\/toode\/lamonti-harbi-kott\/","name":"lamonti harbi kott - Pillimeister Mihkel Soon","isPartOf":{"@id":"https:\/\/mihkelsoon.com\/#website"},"primaryImageOfPage":{"@id":"https:\/\/mihkelsoon.com\/vo\/toode\/lamonti-harbi-kott\/#primaryimage"},"image":{"@id":"https:\/\/mihkelsoon.com\/vo\/toode\/lamonti-harbi-kott\/#primaryimage"},"thumbnailUrl":"https:\/\/mihkelsoon.com\/wp-content\/uploads\/2023\/04\/Lamonti-harfi-kott.png","datePublished":"2023-04-17T12:40:40+00:00","dateModified":"2023-05-08T12:48:27+00:00","breadcrumb":{"@id":"https:\/\/mihkelsoon.com\/vo\/toode\/lamonti-harbi-kott\/#breadcrumb"},"inLanguage":"vo","potentialAction":[{"@type":"ReadAction","target":["https:\/\/mihkelsoon.com\/vo\/toode\/lamonti-harbi-kott\/"]}]},{"@type":"ImageObject","inLanguage":"vo","@id":"https:\/\/mihkelsoon.com\/vo\/toode\/lamonti-harbi-kott\/#primaryimage","url":"https:\/\/mihkelsoon.com\/wp-content\/uploads\/2023\/04\/Lamonti-harfi-kott.png","contentUrl":"https:\/\/mihkelsoon.com\/wp-content\/uploads\/2023\/04\/Lamonti-harfi-kott.png","width":4749,"height":3166},{"@type":"BreadcrumbList","@id":"https:\/\/mihkelsoon.com\/vo\/toode\/lamonti-harbi-kott\/#breadcrumb","itemListElement":[{"@type":"ListItem","position":1,"name":"Home","item":"https:\/\/mihkelsoon.com\/"},{"@type":"ListItem","position":2,"name":"Tooted","item":"https:\/\/mihkelsoon.com\/shop\/"},{"@type":"ListItem","position":3,"name":"lamonti harbi kott"}]},{"@type":"WebSite","@id":"https:\/\/mihkelsoon.com\/#website","url":"https:\/\/mihkelsoon.com\/","name":"Pillimeister Mihkel Soon","description":"V\u00e4ikekannelde ja hiiu-rootsi kannelde m\u00fc\u00fck, tellimust\u00f6\u00f6na valmistamine ja remont.","publisher":{"@id":"https:\/\/mihkelsoon.com\/#organization"},"potentialAction":[{"@type":"SearchAction","target":{"@type":"EntryPoint","urlTemplate":"https:\/\/mihkelsoon.com\/?s={search_term_string}"},"query-input":{"@type":"PropertyValueSpecification","valueRequired":true,"valueName":"search_term_string"}}],"inLanguage":"vo"},{"@type":"Organization","@id":"https:\/\/mihkelsoon.com\/#organization","name":"Pillimeister Mihkel Soon O\u00dc","url":"https:\/\/mihkelsoon.com\/","logo":{"@type":"ImageObject","inLanguage":"vo","@id":"https:\/\/mihkelsoon.com\/#\/schema\/logo\/image\/","url":"https:\/\/mihkelsoon.com\/wp-content\/uploads\/2023\/04\/Mihkel-Soon-logo-500x500-500-\u00d7-200-px.svg","contentUrl":"https:\/\/mihkelsoon.com\/wp-content\/uploads\/2023\/04\/Mihkel-Soon-logo-500x500-500-\u00d7-200-px.svg","width":500,"height":200,"caption":"Pillimeister Mihkel Soon O\u00dc"},"image":{"@id":"https:\/\/mihkelsoon.com\/#\/schema\/logo\/image\/"},"sameAs":["https:\/\/www.facebook.com\/kandlemeister"]}]}},"_links":{"self":[{"href":"https:\/\/mihkelsoon.com\/vo\/wp-json\/wp\/v2\/product\/3596","targetHints":{"allow":["GET"]}}],"collection":[{"href":"https:\/\/mihkelsoon.com\/vo\/wp-json\/wp\/v2\/product"}],"about":[{"href":"https:\/\/mihkelsoon.com\/vo\/wp-json\/wp\/v2\/types\/product"}],"wp:featuredmedia":[{"embeddable":true,"href":"https:\/\/mihkelsoon.com\/vo\/wp-json\/wp\/v2\/media\/4471"}],"wp:attachment":[{"href":"https:\/\/mihkelsoon.com\/vo\/wp-json\/wp\/v2\/media?parent=3596"}],"wp:term":[{"taxonomy":"product_brand","embeddable":true,"href":"https:\/\/mihkelsoon.com\/vo\/wp-json\/wp\/v2\/product_brand?post=3596"},{"taxonomy":"product_cat","embeddable":true,"href":"https:\/\/mihkelsoon.com\/vo\/wp-json\/wp\/v2\/product_cat?post=3596"},{"taxonomy":"product_tag","embeddable":true,"href":"https:\/\/mihkelsoon.com\/vo\/wp-json\/wp\/v2\/product_tag?post=3596"}],"curies":[{"name":"wp","href":"https:\/\/api.w.org\/{rel}","templated":true}]}}