{"id":3573,"date":"2023-03-05T19:35:17","date_gmt":"2023-03-05T19:35:17","guid":{"rendered":"http:\/\/mihkelsoon.com\/toode\/latsi-hiio-roodsi-kannol-vai-talharpa\/"},"modified":"2023-05-11T11:16:49","modified_gmt":"2023-05-11T11:16:49","slug":"latsi-hiio-roodsi-kannol-vai-talharpa","status":"publish","type":"product","link":"https:\/\/mihkelsoon.com\/vo\/toode\/latsi-hiio-roodsi-kannol-vai-talharpa\/","title":{"rendered":"Latsi hiio-roodsi kann\u00f5l vai talharpa"},"content":{"rendered":"","protected":false},"excerpt":{"rendered":"<p>Timm: E3 &#8211; A3 &#8211; D2 \u2013 D2<br \/>\nPillikere kaib\u00f5t \u00fctest t\u00fck\u00fcst, kliimid\u00fc p\u00f5ikpuuga<br \/>\nPiin\u00fc\u2019 timj\u00e4\u2019 t\u00e4pses timmises<br \/>\nK\u00f5vast lehepuust keeropulga\u2019<br \/>\nHob\u00f5s\u00f5j\u00f5hv\u00f5st vai nailonist keele\u2019<br \/>\nK\u00f5lakaas tihts\u00e4 loomaga kuus\u00f5st<br \/>\nPind ilestet ter\u00e4riistuga ja \u00fcle tett ainid\u00f5ga, mi\u00e4 omma\u2019 si\u00e4d\u00fc luudus\u00f5st peri \u00f5li sisse<br \/>\nPuugna om t\u00e4\u00fcspardi hulgan<br \/>\nPilli m\u00f5\u00f5du\u2019: 53 x 14 x 8 cm<\/p>\n","protected":false},"featured_media":4296,"template":"","meta":{"inline_featured_image":false,"site-sidebar-layout":"default","site-content-layout":"default","ast-site-content-layout":"default","site-content-style":"default","site-sidebar-style":"default","ast-global-header-display":"","ast-banner-title-visibility":"","ast-main-header-display":"","ast-hfb-above-header-display":"","ast-hfb-below-header-display":"","ast-hfb-mobile-header-display":"","site-post-title":"","ast-breadcrumbs-content":"","ast-featured-img":"","footer-sml-layout":"","theme-transparent-header-meta":"default","adv-header-id-meta":"","stick-header-meta":"default","header-above-stick-meta":"","header-main-stick-meta":"","header-below-stick-meta":"","astra-migrate-meta-layouts":"default","ast-page-background-enabled":"default","ast-page-background-meta":{"desktop":{"background-color":"","background-image":"","background-repeat":"repeat","background-position":"center center","background-size":"auto","background-attachment":"scroll","background-type":"","background-media":"","overlay-type":"","overlay-color":"","overlay-opacity":"","overlay-gradient":""},"tablet":{"background-color":"","background-image":"","background-repeat":"repeat","background-position":"center center","background-size":"auto","background-attachment":"scroll","background-type":"","background-media":"","overlay-type":"","overlay-color":"","overlay-opacity":"","overlay-gradient":""},"mobile":{"background-color":"","background-image":"","background-repeat":"repeat","background-position":"center center","background-size":"auto","background-attachment":"scroll","background-type":"","background-media":"","overlay-type":"","overlay-color":"","overlay-opacity":"","overlay-gradient":""}},"ast-content-background-meta":{"desktop":{"background-color":"var(--ast-global-color-5)","background-image":"","background-repeat":"repeat","background-position":"center center","background-size":"auto","background-attachment":"scroll","background-type":"","background-media":"","overlay-type":"","overlay-color":"","overlay-opacity":"","overlay-gradient":""},"tablet":{"background-color":"var(--ast-global-color-5)","background-image":"","background-repeat":"repeat","background-position":"center center","background-size":"auto","background-attachment":"scroll","background-type":"","background-media":"","overlay-type":"","overlay-color":"","overlay-opacity":"","overlay-gradient":""},"mobile":{"background-color":"var(--ast-global-color-5)","background-image":"","background-repeat":"repeat","background-position":"center center","background-size":"auto","background-attachment":"scroll","background-type":"","background-media":"","overlay-type":"","overlay-color":"","overlay-opacity":"","overlay-gradient":""}}},"product_brand":[],"product_cat":[166,167],"product_tag":[],"class_list":{"0":"post-3573","1":"product","2":"type-product","3":"status-publish","4":"has-post-thumbnail","6":"product_cat-hiiu-roodsi-kandlo","7":"product_cat-latsi-hiiu-roodsi-kandlo","8":"product_shipping_class-kannol","9":"desktop-align-left","10":"tablet-align-left","11":"mobile-align-left","12":"ast-product-gallery-layout-horizontal-slider","13":"ast-product-single-variable","15":"first","16":"instock","17":"taxable","18":"shipping-taxable","19":"purchasable","20":"product-type-variable"},"yoast_head":"<!-- This site is optimized with the Yoast SEO plugin v27.4 - https:\/\/yoast.com\/product\/yoast-seo-wordpress\/ -->\n<title>Latsi hiio-roodsi kann\u00f5l vai talharpa - Pillimeister Mihkel Soon<\/title>\n<meta name=\"robots\" content=\"index, follow, max-snippet:-1, max-image-preview:large, max-video-preview:-1\" \/>\n<link rel=\"canonical\" href=\"https:\/\/mihkelsoon.com\/vo\/toode\/latsi-hiio-roodsi-kannol-vai-talharpa\/\" \/>\n<meta property=\"og:locale\" content=\"en_US\" \/>\n<meta property=\"og:type\" content=\"article\" \/>\n<meta property=\"og:title\" content=\"Latsi hiio-roodsi kann\u00f5l vai talharpa - Pillimeister Mihkel Soon\" \/>\n<meta property=\"og:description\" content=\"Timm: E3 - A3 - D2 \u2013 D2 Pillikere kaib\u00f5t \u00fctest t\u00fck\u00fcst, kliimid\u00fc p\u00f5ikpuuga Piin\u00fc\u2019 timj\u00e4\u2019 t\u00e4pses timmises K\u00f5vast lehepuust keeropulga\u2019 Hob\u00f5s\u00f5j\u00f5hv\u00f5st vai nailonist keele\u2019 K\u00f5lakaas tihts\u00e4 loomaga kuus\u00f5st Pind ilestet ter\u00e4riistuga ja \u00fcle tett ainid\u00f5ga, mi\u00e4 omma\u2019 si\u00e4d\u00fc luudus\u00f5st peri \u00f5li sisse Puugna om t\u00e4\u00fcspardi hulgan Pilli m\u00f5\u00f5du\u2019: 53 x 14 x 8 cm\" \/>\n<meta property=\"og:url\" content=\"https:\/\/mihkelsoon.com\/vo\/toode\/latsi-hiio-roodsi-kannol-vai-talharpa\/\" \/>\n<meta property=\"og:site_name\" content=\"Pillimeister Mihkel Soon\" \/>\n<meta property=\"article:publisher\" content=\"https:\/\/www.facebook.com\/kandlemeister\" \/>\n<meta property=\"article:modified_time\" content=\"2023-05-11T11:16:49+00:00\" \/>\n<meta property=\"og:image\" content=\"https:\/\/mihkelsoon.com\/wp-content\/uploads\/2024\/01\/Laste-hiiu-kannel-hele-sanglepp-2.png\" \/>\n\t<meta property=\"og:image:width\" content=\"2000\" \/>\n\t<meta property=\"og:image:height\" content=\"1333\" \/>\n\t<meta property=\"og:image:type\" content=\"image\/png\" \/>\n<meta name=\"twitter:card\" content=\"summary_large_image\" \/>\n<script type=\"application\/ld+json\" class=\"yoast-schema-graph\">{\"@context\":\"https:\\\/\\\/schema.org\",\"@graph\":[{\"@type\":\"WebPage\",\"@id\":\"https:\\\/\\\/mihkelsoon.com\\\/vo\\\/toode\\\/latsi-hiio-roodsi-kannol-vai-talharpa\\\/\",\"url\":\"https:\\\/\\\/mihkelsoon.com\\\/vo\\\/toode\\\/latsi-hiio-roodsi-kannol-vai-talharpa\\\/\",\"name\":\"Latsi hiio-roodsi kann\u00f5l vai talharpa - Pillimeister Mihkel Soon\",\"isPartOf\":{\"@id\":\"https:\\\/\\\/mihkelsoon.com\\\/#website\"},\"primaryImageOfPage\":{\"@id\":\"https:\\\/\\\/mihkelsoon.com\\\/vo\\\/toode\\\/latsi-hiio-roodsi-kannol-vai-talharpa\\\/#primaryimage\"},\"image\":{\"@id\":\"https:\\\/\\\/mihkelsoon.com\\\/vo\\\/toode\\\/latsi-hiio-roodsi-kannol-vai-talharpa\\\/#primaryimage\"},\"thumbnailUrl\":\"https:\\\/\\\/mihkelsoon.com\\\/wp-content\\\/uploads\\\/2024\\\/01\\\/Laste-hiiu-kannel-hele-sanglepp-2.png\",\"datePublished\":\"2023-03-05T19:35:17+00:00\",\"dateModified\":\"2023-05-11T11:16:49+00:00\",\"breadcrumb\":{\"@id\":\"https:\\\/\\\/mihkelsoon.com\\\/vo\\\/toode\\\/latsi-hiio-roodsi-kannol-vai-talharpa\\\/#breadcrumb\"},\"inLanguage\":\"vo\",\"potentialAction\":[{\"@type\":\"ReadAction\",\"target\":[\"https:\\\/\\\/mihkelsoon.com\\\/vo\\\/toode\\\/latsi-hiio-roodsi-kannol-vai-talharpa\\\/\"]}]},{\"@type\":\"ImageObject\",\"inLanguage\":\"vo\",\"@id\":\"https:\\\/\\\/mihkelsoon.com\\\/vo\\\/toode\\\/latsi-hiio-roodsi-kannol-vai-talharpa\\\/#primaryimage\",\"url\":\"https:\\\/\\\/mihkelsoon.com\\\/wp-content\\\/uploads\\\/2024\\\/01\\\/Laste-hiiu-kannel-hele-sanglepp-2.png\",\"contentUrl\":\"https:\\\/\\\/mihkelsoon.com\\\/wp-content\\\/uploads\\\/2024\\\/01\\\/Laste-hiiu-kannel-hele-sanglepp-2.png\",\"width\":2000,\"height\":1333,\"caption\":\"Kolmekeelne laste hiiu kannel ehk talharpa\"},{\"@type\":\"BreadcrumbList\",\"@id\":\"https:\\\/\\\/mihkelsoon.com\\\/vo\\\/toode\\\/latsi-hiio-roodsi-kannol-vai-talharpa\\\/#breadcrumb\",\"itemListElement\":[{\"@type\":\"ListItem\",\"position\":1,\"name\":\"Home\",\"item\":\"https:\\\/\\\/mihkelsoon.com\\\/\"},{\"@type\":\"ListItem\",\"position\":2,\"name\":\"Tooted\",\"item\":\"https:\\\/\\\/mihkelsoon.com\\\/shop\\\/\"},{\"@type\":\"ListItem\",\"position\":3,\"name\":\"Latsi hiio-roodsi kann\u00f5l vai talharpa\"}]},{\"@type\":\"WebSite\",\"@id\":\"https:\\\/\\\/mihkelsoon.com\\\/#website\",\"url\":\"https:\\\/\\\/mihkelsoon.com\\\/\",\"name\":\"Pillimeister Mihkel Soon\",\"description\":\"V\u00e4ikekannelde ja hiiu-rootsi kannelde m\u00fc\u00fck, tellimust\u00f6\u00f6na valmistamine ja remont.\",\"publisher\":{\"@id\":\"https:\\\/\\\/mihkelsoon.com\\\/#organization\"},\"potentialAction\":[{\"@type\":\"SearchAction\",\"target\":{\"@type\":\"EntryPoint\",\"urlTemplate\":\"https:\\\/\\\/mihkelsoon.com\\\/?s={search_term_string}\"},\"query-input\":{\"@type\":\"PropertyValueSpecification\",\"valueRequired\":true,\"valueName\":\"search_term_string\"}}],\"inLanguage\":\"vo\"},{\"@type\":\"Organization\",\"@id\":\"https:\\\/\\\/mihkelsoon.com\\\/#organization\",\"name\":\"Pillimeister Mihkel Soon O\u00dc\",\"url\":\"https:\\\/\\\/mihkelsoon.com\\\/\",\"logo\":{\"@type\":\"ImageObject\",\"inLanguage\":\"vo\",\"@id\":\"https:\\\/\\\/mihkelsoon.com\\\/#\\\/schema\\\/logo\\\/image\\\/\",\"url\":\"https:\\\/\\\/mihkelsoon.com\\\/wp-content\\\/uploads\\\/2023\\\/04\\\/Mihkel-Soon-logo-500x500-500-\u00d7-200-px.svg\",\"contentUrl\":\"https:\\\/\\\/mihkelsoon.com\\\/wp-content\\\/uploads\\\/2023\\\/04\\\/Mihkel-Soon-logo-500x500-500-\u00d7-200-px.svg\",\"width\":500,\"height\":200,\"caption\":\"Pillimeister Mihkel Soon O\u00dc\"},\"image\":{\"@id\":\"https:\\\/\\\/mihkelsoon.com\\\/#\\\/schema\\\/logo\\\/image\\\/\"},\"sameAs\":[\"https:\\\/\\\/www.facebook.com\\\/kandlemeister\"]}]}<\/script>\n<!-- \/ Yoast SEO plugin. -->","yoast_head_json":{"title":"Latsi hiio-roodsi kann\u00f5l vai talharpa - Pillimeister Mihkel Soon","robots":{"index":"index","follow":"follow","max-snippet":"max-snippet:-1","max-image-preview":"max-image-preview:large","max-video-preview":"max-video-preview:-1"},"canonical":"https:\/\/mihkelsoon.com\/vo\/toode\/latsi-hiio-roodsi-kannol-vai-talharpa\/","og_locale":"en_US","og_type":"article","og_title":"Latsi hiio-roodsi kann\u00f5l vai talharpa - Pillimeister Mihkel Soon","og_description":"Timm: E3 - A3 - D2 \u2013 D2 Pillikere kaib\u00f5t \u00fctest t\u00fck\u00fcst, kliimid\u00fc p\u00f5ikpuuga Piin\u00fc\u2019 timj\u00e4\u2019 t\u00e4pses timmises K\u00f5vast lehepuust keeropulga\u2019 Hob\u00f5s\u00f5j\u00f5hv\u00f5st vai nailonist keele\u2019 K\u00f5lakaas tihts\u00e4 loomaga kuus\u00f5st Pind ilestet ter\u00e4riistuga ja \u00fcle tett ainid\u00f5ga, mi\u00e4 omma\u2019 si\u00e4d\u00fc luudus\u00f5st peri \u00f5li sisse Puugna om t\u00e4\u00fcspardi hulgan Pilli m\u00f5\u00f5du\u2019: 53 x 14 x 8 cm","og_url":"https:\/\/mihkelsoon.com\/vo\/toode\/latsi-hiio-roodsi-kannol-vai-talharpa\/","og_site_name":"Pillimeister Mihkel Soon","article_publisher":"https:\/\/www.facebook.com\/kandlemeister","article_modified_time":"2023-05-11T11:16:49+00:00","og_image":[{"width":2000,"height":1333,"url":"https:\/\/mihkelsoon.com\/wp-content\/uploads\/2024\/01\/Laste-hiiu-kannel-hele-sanglepp-2.png","type":"image\/png"}],"twitter_card":"summary_large_image","schema":{"@context":"https:\/\/schema.org","@graph":[{"@type":"WebPage","@id":"https:\/\/mihkelsoon.com\/vo\/toode\/latsi-hiio-roodsi-kannol-vai-talharpa\/","url":"https:\/\/mihkelsoon.com\/vo\/toode\/latsi-hiio-roodsi-kannol-vai-talharpa\/","name":"Latsi hiio-roodsi kann\u00f5l vai talharpa - Pillimeister Mihkel Soon","isPartOf":{"@id":"https:\/\/mihkelsoon.com\/#website"},"primaryImageOfPage":{"@id":"https:\/\/mihkelsoon.com\/vo\/toode\/latsi-hiio-roodsi-kannol-vai-talharpa\/#primaryimage"},"image":{"@id":"https:\/\/mihkelsoon.com\/vo\/toode\/latsi-hiio-roodsi-kannol-vai-talharpa\/#primaryimage"},"thumbnailUrl":"https:\/\/mihkelsoon.com\/wp-content\/uploads\/2024\/01\/Laste-hiiu-kannel-hele-sanglepp-2.png","datePublished":"2023-03-05T19:35:17+00:00","dateModified":"2023-05-11T11:16:49+00:00","breadcrumb":{"@id":"https:\/\/mihkelsoon.com\/vo\/toode\/latsi-hiio-roodsi-kannol-vai-talharpa\/#breadcrumb"},"inLanguage":"vo","potentialAction":[{"@type":"ReadAction","target":["https:\/\/mihkelsoon.com\/vo\/toode\/latsi-hiio-roodsi-kannol-vai-talharpa\/"]}]},{"@type":"ImageObject","inLanguage":"vo","@id":"https:\/\/mihkelsoon.com\/vo\/toode\/latsi-hiio-roodsi-kannol-vai-talharpa\/#primaryimage","url":"https:\/\/mihkelsoon.com\/wp-content\/uploads\/2024\/01\/Laste-hiiu-kannel-hele-sanglepp-2.png","contentUrl":"https:\/\/mihkelsoon.com\/wp-content\/uploads\/2024\/01\/Laste-hiiu-kannel-hele-sanglepp-2.png","width":2000,"height":1333,"caption":"Kolmekeelne laste hiiu kannel ehk talharpa"},{"@type":"BreadcrumbList","@id":"https:\/\/mihkelsoon.com\/vo\/toode\/latsi-hiio-roodsi-kannol-vai-talharpa\/#breadcrumb","itemListElement":[{"@type":"ListItem","position":1,"name":"Home","item":"https:\/\/mihkelsoon.com\/"},{"@type":"ListItem","position":2,"name":"Tooted","item":"https:\/\/mihkelsoon.com\/shop\/"},{"@type":"ListItem","position":3,"name":"Latsi hiio-roodsi kann\u00f5l vai talharpa"}]},{"@type":"WebSite","@id":"https:\/\/mihkelsoon.com\/#website","url":"https:\/\/mihkelsoon.com\/","name":"Pillimeister Mihkel Soon","description":"V\u00e4ikekannelde ja hiiu-rootsi kannelde m\u00fc\u00fck, tellimust\u00f6\u00f6na valmistamine ja remont.","publisher":{"@id":"https:\/\/mihkelsoon.com\/#organization"},"potentialAction":[{"@type":"SearchAction","target":{"@type":"EntryPoint","urlTemplate":"https:\/\/mihkelsoon.com\/?s={search_term_string}"},"query-input":{"@type":"PropertyValueSpecification","valueRequired":true,"valueName":"search_term_string"}}],"inLanguage":"vo"},{"@type":"Organization","@id":"https:\/\/mihkelsoon.com\/#organization","name":"Pillimeister Mihkel Soon O\u00dc","url":"https:\/\/mihkelsoon.com\/","logo":{"@type":"ImageObject","inLanguage":"vo","@id":"https:\/\/mihkelsoon.com\/#\/schema\/logo\/image\/","url":"https:\/\/mihkelsoon.com\/wp-content\/uploads\/2023\/04\/Mihkel-Soon-logo-500x500-500-\u00d7-200-px.svg","contentUrl":"https:\/\/mihkelsoon.com\/wp-content\/uploads\/2023\/04\/Mihkel-Soon-logo-500x500-500-\u00d7-200-px.svg","width":500,"height":200,"caption":"Pillimeister Mihkel Soon O\u00dc"},"image":{"@id":"https:\/\/mihkelsoon.com\/#\/schema\/logo\/image\/"},"sameAs":["https:\/\/www.facebook.com\/kandlemeister"]}]}},"_links":{"self":[{"href":"https:\/\/mihkelsoon.com\/vo\/wp-json\/wp\/v2\/product\/3573","targetHints":{"allow":["GET"]}}],"collection":[{"href":"https:\/\/mihkelsoon.com\/vo\/wp-json\/wp\/v2\/product"}],"about":[{"href":"https:\/\/mihkelsoon.com\/vo\/wp-json\/wp\/v2\/types\/product"}],"wp:featuredmedia":[{"embeddable":true,"href":"https:\/\/mihkelsoon.com\/vo\/wp-json\/wp\/v2\/media\/4296"}],"wp:attachment":[{"href":"https:\/\/mihkelsoon.com\/vo\/wp-json\/wp\/v2\/media?parent=3573"}],"wp:term":[{"taxonomy":"product_brand","embeddable":true,"href":"https:\/\/mihkelsoon.com\/vo\/wp-json\/wp\/v2\/product_brand?post=3573"},{"taxonomy":"product_cat","embeddable":true,"href":"https:\/\/mihkelsoon.com\/vo\/wp-json\/wp\/v2\/product_cat?post=3573"},{"taxonomy":"product_tag","embeddable":true,"href":"https:\/\/mihkelsoon.com\/vo\/wp-json\/wp\/v2\/product_tag?post=3573"}],"curies":[{"name":"wp","href":"https:\/\/api.w.org\/{rel}","templated":true}]}}