{"id":3545,"date":"2023-03-05T19:30:32","date_gmt":"2023-03-05T19:30:32","guid":{"rendered":"http:\/\/mihkelsoon.com\/toode\/12-keeline-kannol\/"},"modified":"2023-03-05T19:30:32","modified_gmt":"2023-03-05T19:30:32","slug":"12-keeline-kannol","status":"publish","type":"product","link":"https:\/\/mihkelsoon.com\/vo\/toode\/12-keeline-kannol\/","title":{"rendered":"12 keelega kann\u00f5l"},"content":{"rendered":"","protected":false},"excerpt":{"rendered":"<p>D-duur: A3 &#8211; B3 &#8211; #C4 &#8211; D4 &#8211; E4 &#8211; #F4 &#8211; G4 &#8211; A4 &#8211; B4 &#8211;\u00a0 #C5 &#8211; D5 &#8211; E5<\/p>\n<p>5 mm nikelded\u00fc ter\u00e4s\u00f5st keeropulga\u2019<\/p>\n<p>Ter\u00e4s\u00f5st keele\u2019<\/p>\n<p>Pilli kere kaib\u00f5t \u00fctest puust: kuus, im\u00e4lepp vai saarna<\/p>\n<p>K\u00f5lakaas tihts\u00e4 loomaga kuus\u00f5st<\/p>\n<p>Pind ilestet ter\u00e4riistuga ja \u00fcle tett ainid\u00f5ga, mi\u00e4 omma\u2019 si\u00e4d\u00fc luudus\u00f5st peri \u00f5li sisse<\/p>\n<p>T\u00e4\u00fcspardin om timmisev\u00f5ti ja tagavarakeele\u2019<\/p>\n","protected":false},"featured_media":5010,"template":"","meta":{"inline_featured_image":false,"site-sidebar-layout":"default","site-content-layout":"default","ast-site-content-layout":"default","site-content-style":"default","site-sidebar-style":"default","ast-global-header-display":"","ast-banner-title-visibility":"","ast-main-header-display":"","ast-hfb-above-header-display":"","ast-hfb-below-header-display":"","ast-hfb-mobile-header-display":"","site-post-title":"","ast-breadcrumbs-content":"","ast-featured-img":"","footer-sml-layout":"","theme-transparent-header-meta":"default","adv-header-id-meta":"","stick-header-meta":"default","header-above-stick-meta":"","header-main-stick-meta":"","header-below-stick-meta":"","astra-migrate-meta-layouts":"default","ast-page-background-enabled":"default","ast-page-background-meta":{"desktop":{"background-color":"","background-image":"","background-repeat":"repeat","background-position":"center center","background-size":"auto","background-attachment":"scroll","background-type":"","background-media":"","overlay-type":"","overlay-color":"","overlay-opacity":"","overlay-gradient":""},"tablet":{"background-color":"","background-image":"","background-repeat":"repeat","background-position":"center center","background-size":"auto","background-attachment":"scroll","background-type":"","background-media":"","overlay-type":"","overlay-color":"","overlay-opacity":"","overlay-gradient":""},"mobile":{"background-color":"","background-image":"","background-repeat":"repeat","background-position":"center center","background-size":"auto","background-attachment":"scroll","background-type":"","background-media":"","overlay-type":"","overlay-color":"","overlay-opacity":"","overlay-gradient":""}},"ast-content-background-meta":{"desktop":{"background-color":"var(--ast-global-color-5)","background-image":"","background-repeat":"repeat","background-position":"center center","background-size":"auto","background-attachment":"scroll","background-type":"","background-media":"","overlay-type":"","overlay-color":"","overlay-opacity":"","overlay-gradient":""},"tablet":{"background-color":"var(--ast-global-color-5)","background-image":"","background-repeat":"repeat","background-position":"center center","background-size":"auto","background-attachment":"scroll","background-type":"","background-media":"","overlay-type":"","overlay-color":"","overlay-opacity":"","overlay-gradient":""},"mobile":{"background-color":"var(--ast-global-color-5)","background-image":"","background-repeat":"repeat","background-position":"center center","background-size":"auto","background-attachment":"scroll","background-type":"","background-media":"","overlay-type":"","overlay-color":"","overlay-opacity":"","overlay-gradient":""}}},"product_brand":[],"product_cat":[159],"product_tag":[],"class_list":{"0":"post-3545","1":"product","2":"type-product","3":"status-publish","4":"has-post-thumbnail","6":"product_cat-kandlo","7":"product_shipping_class-muu","8":"desktop-align-left","9":"tablet-align-left","10":"mobile-align-left","11":"ast-product-gallery-layout-horizontal-slider","12":"ast-product-single-variable","14":"first","15":"instock","16":"taxable","17":"shipping-taxable","18":"purchasable","19":"product-type-variable"},"yoast_head":"<!-- This site is optimized with the Yoast SEO plugin v27.3 - https:\/\/yoast.com\/product\/yoast-seo-wordpress\/ -->\n<title>12 keelega kann\u00f5l - Pillimeister Mihkel Soon<\/title>\n<meta name=\"robots\" content=\"index, follow, max-snippet:-1, max-image-preview:large, max-video-preview:-1\" \/>\n<link rel=\"canonical\" href=\"https:\/\/mihkelsoon.com\/vo\/toode\/12-keeline-kannol\/\" \/>\n<meta property=\"og:locale\" content=\"en_US\" \/>\n<meta property=\"og:type\" content=\"article\" \/>\n<meta property=\"og:title\" content=\"12 keelega kann\u00f5l - Pillimeister Mihkel Soon\" \/>\n<meta property=\"og:description\" content=\"D-duur: A3 - B3 - #C4 - D4 - E4 - #F4 - G4 - A4 - B4 -\u00a0 #C5 - D5 - E5  5 mm nikelded\u00fc ter\u00e4s\u00f5st keeropulga\u2019  Ter\u00e4s\u00f5st keele\u2019  Pilli kere kaib\u00f5t \u00fctest puust: kuus, im\u00e4lepp vai saarna  K\u00f5lakaas tihts\u00e4 loomaga kuus\u00f5st  Pind ilestet ter\u00e4riistuga ja \u00fcle tett ainid\u00f5ga, mi\u00e4 omma\u2019 si\u00e4d\u00fc luudus\u00f5st peri \u00f5li sisse  T\u00e4\u00fcspardin om timmisev\u00f5ti ja tagavarakeele\u2019\" \/>\n<meta property=\"og:url\" content=\"https:\/\/mihkelsoon.com\/vo\/toode\/12-keeline-kannol\/\" \/>\n<meta property=\"og:site_name\" content=\"Pillimeister Mihkel Soon\" \/>\n<meta property=\"article:publisher\" content=\"https:\/\/www.facebook.com\/kandlemeister\" \/>\n<meta property=\"og:image\" content=\"https:\/\/mihkelsoon.com\/wp-content\/uploads\/2024\/11\/12-keelne-kannel-tume-sanglepp-kaheksakand-scaled.jpg\" \/>\n\t<meta property=\"og:image:width\" content=\"2560\" \/>\n\t<meta property=\"og:image:height\" content=\"1707\" \/>\n\t<meta property=\"og:image:type\" content=\"image\/jpeg\" \/>\n<meta name=\"twitter:card\" content=\"summary_large_image\" \/>\n<script type=\"application\/ld+json\" class=\"yoast-schema-graph\">{\"@context\":\"https:\\\/\\\/schema.org\",\"@graph\":[{\"@type\":\"WebPage\",\"@id\":\"https:\\\/\\\/mihkelsoon.com\\\/vo\\\/toode\\\/12-keeline-kannol\\\/\",\"url\":\"https:\\\/\\\/mihkelsoon.com\\\/vo\\\/toode\\\/12-keeline-kannol\\\/\",\"name\":\"12 keelega kann\u00f5l - Pillimeister Mihkel Soon\",\"isPartOf\":{\"@id\":\"https:\\\/\\\/mihkelsoon.com\\\/#website\"},\"primaryImageOfPage\":{\"@id\":\"https:\\\/\\\/mihkelsoon.com\\\/vo\\\/toode\\\/12-keeline-kannol\\\/#primaryimage\"},\"image\":{\"@id\":\"https:\\\/\\\/mihkelsoon.com\\\/vo\\\/toode\\\/12-keeline-kannol\\\/#primaryimage\"},\"thumbnailUrl\":\"https:\\\/\\\/mihkelsoon.com\\\/wp-content\\\/uploads\\\/2024\\\/11\\\/12-keelne-kannel-tume-sanglepp-kaheksakand-scaled.jpg\",\"datePublished\":\"2023-03-05T19:30:32+00:00\",\"breadcrumb\":{\"@id\":\"https:\\\/\\\/mihkelsoon.com\\\/vo\\\/toode\\\/12-keeline-kannol\\\/#breadcrumb\"},\"inLanguage\":\"vo\",\"potentialAction\":[{\"@type\":\"ReadAction\",\"target\":[\"https:\\\/\\\/mihkelsoon.com\\\/vo\\\/toode\\\/12-keeline-kannol\\\/\"]}]},{\"@type\":\"ImageObject\",\"inLanguage\":\"vo\",\"@id\":\"https:\\\/\\\/mihkelsoon.com\\\/vo\\\/toode\\\/12-keeline-kannol\\\/#primaryimage\",\"url\":\"https:\\\/\\\/mihkelsoon.com\\\/wp-content\\\/uploads\\\/2024\\\/11\\\/12-keelne-kannel-tume-sanglepp-kaheksakand-scaled.jpg\",\"contentUrl\":\"https:\\\/\\\/mihkelsoon.com\\\/wp-content\\\/uploads\\\/2024\\\/11\\\/12-keelne-kannel-tume-sanglepp-kaheksakand-scaled.jpg\",\"width\":2560,\"height\":1707},{\"@type\":\"BreadcrumbList\",\"@id\":\"https:\\\/\\\/mihkelsoon.com\\\/vo\\\/toode\\\/12-keeline-kannol\\\/#breadcrumb\",\"itemListElement\":[{\"@type\":\"ListItem\",\"position\":1,\"name\":\"Home\",\"item\":\"https:\\\/\\\/mihkelsoon.com\\\/\"},{\"@type\":\"ListItem\",\"position\":2,\"name\":\"Tooted\",\"item\":\"https:\\\/\\\/mihkelsoon.com\\\/shop\\\/\"},{\"@type\":\"ListItem\",\"position\":3,\"name\":\"12 keelega kann\u00f5l\"}]},{\"@type\":\"WebSite\",\"@id\":\"https:\\\/\\\/mihkelsoon.com\\\/#website\",\"url\":\"https:\\\/\\\/mihkelsoon.com\\\/\",\"name\":\"Pillimeister Mihkel Soon\",\"description\":\"V\u00e4ikekannelde ja hiiu-rootsi kannelde m\u00fc\u00fck, tellimust\u00f6\u00f6na valmistamine ja remont.\",\"publisher\":{\"@id\":\"https:\\\/\\\/mihkelsoon.com\\\/#organization\"},\"potentialAction\":[{\"@type\":\"SearchAction\",\"target\":{\"@type\":\"EntryPoint\",\"urlTemplate\":\"https:\\\/\\\/mihkelsoon.com\\\/?s={search_term_string}\"},\"query-input\":{\"@type\":\"PropertyValueSpecification\",\"valueRequired\":true,\"valueName\":\"search_term_string\"}}],\"inLanguage\":\"vo\"},{\"@type\":\"Organization\",\"@id\":\"https:\\\/\\\/mihkelsoon.com\\\/#organization\",\"name\":\"Pillimeister Mihkel Soon O\u00dc\",\"url\":\"https:\\\/\\\/mihkelsoon.com\\\/\",\"logo\":{\"@type\":\"ImageObject\",\"inLanguage\":\"vo\",\"@id\":\"https:\\\/\\\/mihkelsoon.com\\\/#\\\/schema\\\/logo\\\/image\\\/\",\"url\":\"https:\\\/\\\/mihkelsoon.com\\\/wp-content\\\/uploads\\\/2023\\\/04\\\/Mihkel-Soon-logo-500x500-500-\u00d7-200-px.svg\",\"contentUrl\":\"https:\\\/\\\/mihkelsoon.com\\\/wp-content\\\/uploads\\\/2023\\\/04\\\/Mihkel-Soon-logo-500x500-500-\u00d7-200-px.svg\",\"width\":500,\"height\":200,\"caption\":\"Pillimeister Mihkel Soon O\u00dc\"},\"image\":{\"@id\":\"https:\\\/\\\/mihkelsoon.com\\\/#\\\/schema\\\/logo\\\/image\\\/\"},\"sameAs\":[\"https:\\\/\\\/www.facebook.com\\\/kandlemeister\"]}]}<\/script>\n<!-- \/ Yoast SEO plugin. -->","yoast_head_json":{"title":"12 keelega kann\u00f5l - Pillimeister Mihkel Soon","robots":{"index":"index","follow":"follow","max-snippet":"max-snippet:-1","max-image-preview":"max-image-preview:large","max-video-preview":"max-video-preview:-1"},"canonical":"https:\/\/mihkelsoon.com\/vo\/toode\/12-keeline-kannol\/","og_locale":"en_US","og_type":"article","og_title":"12 keelega kann\u00f5l - Pillimeister Mihkel Soon","og_description":"D-duur: A3 - B3 - #C4 - D4 - E4 - #F4 - G4 - A4 - B4 -\u00a0 #C5 - D5 - E5  5 mm nikelded\u00fc ter\u00e4s\u00f5st keeropulga\u2019  Ter\u00e4s\u00f5st keele\u2019  Pilli kere kaib\u00f5t \u00fctest puust: kuus, im\u00e4lepp vai saarna  K\u00f5lakaas tihts\u00e4 loomaga kuus\u00f5st  Pind ilestet ter\u00e4riistuga ja \u00fcle tett ainid\u00f5ga, mi\u00e4 omma\u2019 si\u00e4d\u00fc luudus\u00f5st peri \u00f5li sisse  T\u00e4\u00fcspardin om timmisev\u00f5ti ja tagavarakeele\u2019","og_url":"https:\/\/mihkelsoon.com\/vo\/toode\/12-keeline-kannol\/","og_site_name":"Pillimeister Mihkel Soon","article_publisher":"https:\/\/www.facebook.com\/kandlemeister","og_image":[{"width":2560,"height":1707,"url":"https:\/\/mihkelsoon.com\/wp-content\/uploads\/2024\/11\/12-keelne-kannel-tume-sanglepp-kaheksakand-scaled.jpg","type":"image\/jpeg"}],"twitter_card":"summary_large_image","schema":{"@context":"https:\/\/schema.org","@graph":[{"@type":"WebPage","@id":"https:\/\/mihkelsoon.com\/vo\/toode\/12-keeline-kannol\/","url":"https:\/\/mihkelsoon.com\/vo\/toode\/12-keeline-kannol\/","name":"12 keelega kann\u00f5l - Pillimeister Mihkel Soon","isPartOf":{"@id":"https:\/\/mihkelsoon.com\/#website"},"primaryImageOfPage":{"@id":"https:\/\/mihkelsoon.com\/vo\/toode\/12-keeline-kannol\/#primaryimage"},"image":{"@id":"https:\/\/mihkelsoon.com\/vo\/toode\/12-keeline-kannol\/#primaryimage"},"thumbnailUrl":"https:\/\/mihkelsoon.com\/wp-content\/uploads\/2024\/11\/12-keelne-kannel-tume-sanglepp-kaheksakand-scaled.jpg","datePublished":"2023-03-05T19:30:32+00:00","breadcrumb":{"@id":"https:\/\/mihkelsoon.com\/vo\/toode\/12-keeline-kannol\/#breadcrumb"},"inLanguage":"vo","potentialAction":[{"@type":"ReadAction","target":["https:\/\/mihkelsoon.com\/vo\/toode\/12-keeline-kannol\/"]}]},{"@type":"ImageObject","inLanguage":"vo","@id":"https:\/\/mihkelsoon.com\/vo\/toode\/12-keeline-kannol\/#primaryimage","url":"https:\/\/mihkelsoon.com\/wp-content\/uploads\/2024\/11\/12-keelne-kannel-tume-sanglepp-kaheksakand-scaled.jpg","contentUrl":"https:\/\/mihkelsoon.com\/wp-content\/uploads\/2024\/11\/12-keelne-kannel-tume-sanglepp-kaheksakand-scaled.jpg","width":2560,"height":1707},{"@type":"BreadcrumbList","@id":"https:\/\/mihkelsoon.com\/vo\/toode\/12-keeline-kannol\/#breadcrumb","itemListElement":[{"@type":"ListItem","position":1,"name":"Home","item":"https:\/\/mihkelsoon.com\/"},{"@type":"ListItem","position":2,"name":"Tooted","item":"https:\/\/mihkelsoon.com\/shop\/"},{"@type":"ListItem","position":3,"name":"12 keelega kann\u00f5l"}]},{"@type":"WebSite","@id":"https:\/\/mihkelsoon.com\/#website","url":"https:\/\/mihkelsoon.com\/","name":"Pillimeister Mihkel Soon","description":"V\u00e4ikekannelde ja hiiu-rootsi kannelde m\u00fc\u00fck, tellimust\u00f6\u00f6na valmistamine ja remont.","publisher":{"@id":"https:\/\/mihkelsoon.com\/#organization"},"potentialAction":[{"@type":"SearchAction","target":{"@type":"EntryPoint","urlTemplate":"https:\/\/mihkelsoon.com\/?s={search_term_string}"},"query-input":{"@type":"PropertyValueSpecification","valueRequired":true,"valueName":"search_term_string"}}],"inLanguage":"vo"},{"@type":"Organization","@id":"https:\/\/mihkelsoon.com\/#organization","name":"Pillimeister Mihkel Soon O\u00dc","url":"https:\/\/mihkelsoon.com\/","logo":{"@type":"ImageObject","inLanguage":"vo","@id":"https:\/\/mihkelsoon.com\/#\/schema\/logo\/image\/","url":"https:\/\/mihkelsoon.com\/wp-content\/uploads\/2023\/04\/Mihkel-Soon-logo-500x500-500-\u00d7-200-px.svg","contentUrl":"https:\/\/mihkelsoon.com\/wp-content\/uploads\/2023\/04\/Mihkel-Soon-logo-500x500-500-\u00d7-200-px.svg","width":500,"height":200,"caption":"Pillimeister Mihkel Soon O\u00dc"},"image":{"@id":"https:\/\/mihkelsoon.com\/#\/schema\/logo\/image\/"},"sameAs":["https:\/\/www.facebook.com\/kandlemeister"]}]}},"_links":{"self":[{"href":"https:\/\/mihkelsoon.com\/vo\/wp-json\/wp\/v2\/product\/3545","targetHints":{"allow":["GET"]}}],"collection":[{"href":"https:\/\/mihkelsoon.com\/vo\/wp-json\/wp\/v2\/product"}],"about":[{"href":"https:\/\/mihkelsoon.com\/vo\/wp-json\/wp\/v2\/types\/product"}],"wp:featuredmedia":[{"embeddable":true,"href":"https:\/\/mihkelsoon.com\/vo\/wp-json\/wp\/v2\/media\/5010"}],"wp:attachment":[{"href":"https:\/\/mihkelsoon.com\/vo\/wp-json\/wp\/v2\/media?parent=3545"}],"wp:term":[{"taxonomy":"product_brand","embeddable":true,"href":"https:\/\/mihkelsoon.com\/vo\/wp-json\/wp\/v2\/product_brand?post=3545"},{"taxonomy":"product_cat","embeddable":true,"href":"https:\/\/mihkelsoon.com\/vo\/wp-json\/wp\/v2\/product_cat?post=3545"},{"taxonomy":"product_tag","embeddable":true,"href":"https:\/\/mihkelsoon.com\/vo\/wp-json\/wp\/v2\/product_tag?post=3545"}],"curies":[{"name":"wp","href":"https:\/\/api.w.org\/{rel}","templated":true}]}}