{"id":3366,"date":"2023-04-17T13:21:04","date_gmt":"2023-04-17T13:21:04","guid":{"rendered":"http:\/\/mihkelsoon.com\/toode\/vaiko-harp-ceirnin\/"},"modified":"2023-04-17T13:21:04","modified_gmt":"2023-04-17T13:21:04","slug":"vaiko-harp-ceirnin","status":"publish","type":"product","link":"https:\/\/mihkelsoon.com\/vo\/toode\/vaiko-harp-ceirnin\/","title":{"rendered":"V\u00e4iko harp Ceirn\u00edn"},"content":{"rendered":"","protected":false},"excerpt":{"rendered":"<p>Rikka k\u00f5laga harbi n\u00e4\u00fcd\u00fcs \u201cCeirn\u00edn\u201d om k\u00fcl\u00e4nd kerge ja v\u00e4iko \u00fcten kanda\u2019<\/p>\n<p>Muistist iiri t\u00fc\u00fcpi harp pronks\/messing- ja h\u00f5p\u00f5kiiliga, 20 kiilt, kats diatoonilist oktavit<br \/>\ncaomluighe-ni G-s ja kolm bassi: D, C ja cronan G<\/p>\n<p>Passis alostajil\u00f5, opjil\u00f5, reisipillis ja \u00fclep\u00e4\u00e4 eg\u00e4s k\u00f5rras, ku om vaia rikka k\u00f5laga pilli, mid\u00e4 ol\u00f5si ka kerge \u00fcten vit\u00e4\u2019. \u00dctest puust kaib\u00f5t k\u00f5lakoda, kiiltapp\u00f5ga raam, mi\u00e4 om kokko pant nigu vanast &#8211; ilma kliimild\u00e4. Messingist k\u00e4silde tett\u00fc\u2019 keeletoe\u2019 ja p\u00f5s\u00f5riba\u2019.<\/p>\n","protected":false},"featured_media":5049,"template":"","meta":{"inline_featured_image":false,"site-sidebar-layout":"default","site-content-layout":"default","ast-site-content-layout":"default","site-content-style":"default","site-sidebar-style":"default","ast-global-header-display":"","ast-banner-title-visibility":"","ast-main-header-display":"","ast-hfb-above-header-display":"","ast-hfb-below-header-display":"","ast-hfb-mobile-header-display":"","site-post-title":"","ast-breadcrumbs-content":"","ast-featured-img":"","footer-sml-layout":"","theme-transparent-header-meta":"default","adv-header-id-meta":"","stick-header-meta":"default","header-above-stick-meta":"","header-main-stick-meta":"","header-below-stick-meta":"","astra-migrate-meta-layouts":"default","ast-page-background-enabled":"default","ast-page-background-meta":{"desktop":{"background-color":"","background-image":"","background-repeat":"repeat","background-position":"center center","background-size":"auto","background-attachment":"scroll","background-type":"","background-media":"","overlay-type":"","overlay-color":"","overlay-opacity":"","overlay-gradient":""},"tablet":{"background-color":"","background-image":"","background-repeat":"repeat","background-position":"center center","background-size":"auto","background-attachment":"scroll","background-type":"","background-media":"","overlay-type":"","overlay-color":"","overlay-opacity":"","overlay-gradient":""},"mobile":{"background-color":"","background-image":"","background-repeat":"repeat","background-position":"center center","background-size":"auto","background-attachment":"scroll","background-type":"","background-media":"","overlay-type":"","overlay-color":"","overlay-opacity":"","overlay-gradient":""}},"ast-content-background-meta":{"desktop":{"background-color":"var(--ast-global-color-5)","background-image":"","background-repeat":"repeat","background-position":"center center","background-size":"auto","background-attachment":"scroll","background-type":"","background-media":"","overlay-type":"","overlay-color":"","overlay-opacity":"","overlay-gradient":""},"tablet":{"background-color":"var(--ast-global-color-5)","background-image":"","background-repeat":"repeat","background-position":"center center","background-size":"auto","background-attachment":"scroll","background-type":"","background-media":"","overlay-type":"","overlay-color":"","overlay-opacity":"","overlay-gradient":""},"mobile":{"background-color":"var(--ast-global-color-5)","background-image":"","background-repeat":"repeat","background-position":"center center","background-size":"auto","background-attachment":"scroll","background-type":"","background-media":"","overlay-type":"","overlay-color":"","overlay-opacity":"","overlay-gradient":""}}},"product_brand":[],"product_cat":[147],"product_tag":[],"class_list":{"0":"post-3366","1":"product","2":"type-product","3":"status-publish","4":"has-post-thumbnail","6":"product_cat-gaeli-harbi","7":"product_shipping_class-harp","8":"desktop-align-left","9":"tablet-align-left","10":"mobile-align-left","11":"ast-product-gallery-layout-horizontal-slider","12":"ast-product-single-variable","14":"first","15":"instock","16":"taxable","17":"shipping-taxable","18":"purchasable","19":"product-type-variable"},"yoast_head":"<!-- This site is optimized with the Yoast SEO plugin v27.4 - https:\/\/yoast.com\/product\/yoast-seo-wordpress\/ -->\n<title>V\u00e4iko harp Ceirn\u00edn - Pillimeister Mihkel Soon<\/title>\n<meta name=\"robots\" content=\"index, follow, max-snippet:-1, max-image-preview:large, max-video-preview:-1\" \/>\n<link rel=\"canonical\" href=\"https:\/\/mihkelsoon.com\/vo\/toode\/vaiko-harp-ceirnin\/\" \/>\n<meta property=\"og:locale\" content=\"en_US\" \/>\n<meta property=\"og:type\" content=\"article\" \/>\n<meta property=\"og:title\" content=\"V\u00e4iko harp Ceirn\u00edn - Pillimeister Mihkel Soon\" \/>\n<meta property=\"og:description\" content=\"Rikka k\u00f5laga harbi n\u00e4\u00fcd\u00fcs \u201cCeirn\u00edn\u201d om k\u00fcl\u00e4nd kerge ja v\u00e4iko \u00fcten kanda\u2019  Muistist iiri t\u00fc\u00fcpi harp pronks\/messing- ja h\u00f5p\u00f5kiiliga, 20 kiilt, kats diatoonilist oktavit caomluighe-ni G-s ja kolm bassi: D, C ja cronan G  Passis alostajil\u00f5, opjil\u00f5, reisipillis ja \u00fclep\u00e4\u00e4 eg\u00e4s k\u00f5rras, ku om vaia rikka k\u00f5laga pilli, mid\u00e4 ol\u00f5si ka kerge \u00fcten vit\u00e4\u2019. \u00dctest puust kaib\u00f5t k\u00f5lakoda, kiiltapp\u00f5ga raam, mi\u00e4 om kokko pant nigu vanast - ilma kliimild\u00e4. Messingist k\u00e4silde tett\u00fc\u2019 keeletoe\u2019 ja p\u00f5s\u00f5riba\u2019.\" \/>\n<meta property=\"og:url\" content=\"https:\/\/mihkelsoon.com\/vo\/toode\/vaiko-harp-ceirnin\/\" \/>\n<meta property=\"og:site_name\" content=\"Pillimeister Mihkel Soon\" \/>\n<meta property=\"article:publisher\" content=\"https:\/\/www.facebook.com\/kandlemeister\" \/>\n<meta property=\"og:image\" content=\"https:\/\/mihkelsoon.com\/wp-content\/uploads\/2024\/11\/Ceirnin-harp-scaled.jpg\" \/>\n\t<meta property=\"og:image:width\" content=\"2560\" \/>\n\t<meta property=\"og:image:height\" content=\"1706\" \/>\n\t<meta property=\"og:image:type\" content=\"image\/jpeg\" \/>\n<meta name=\"twitter:card\" content=\"summary_large_image\" \/>\n<script type=\"application\/ld+json\" class=\"yoast-schema-graph\">{\"@context\":\"https:\\\/\\\/schema.org\",\"@graph\":[{\"@type\":\"WebPage\",\"@id\":\"https:\\\/\\\/mihkelsoon.com\\\/vo\\\/toode\\\/vaiko-harp-ceirnin\\\/\",\"url\":\"https:\\\/\\\/mihkelsoon.com\\\/vo\\\/toode\\\/vaiko-harp-ceirnin\\\/\",\"name\":\"V\u00e4iko harp Ceirn\u00edn - Pillimeister Mihkel Soon\",\"isPartOf\":{\"@id\":\"https:\\\/\\\/mihkelsoon.com\\\/#website\"},\"primaryImageOfPage\":{\"@id\":\"https:\\\/\\\/mihkelsoon.com\\\/vo\\\/toode\\\/vaiko-harp-ceirnin\\\/#primaryimage\"},\"image\":{\"@id\":\"https:\\\/\\\/mihkelsoon.com\\\/vo\\\/toode\\\/vaiko-harp-ceirnin\\\/#primaryimage\"},\"thumbnailUrl\":\"https:\\\/\\\/mihkelsoon.com\\\/wp-content\\\/uploads\\\/2024\\\/11\\\/Ceirnin-harp-scaled.jpg\",\"datePublished\":\"2023-04-17T13:21:04+00:00\",\"breadcrumb\":{\"@id\":\"https:\\\/\\\/mihkelsoon.com\\\/vo\\\/toode\\\/vaiko-harp-ceirnin\\\/#breadcrumb\"},\"inLanguage\":\"vo\",\"potentialAction\":[{\"@type\":\"ReadAction\",\"target\":[\"https:\\\/\\\/mihkelsoon.com\\\/vo\\\/toode\\\/vaiko-harp-ceirnin\\\/\"]}]},{\"@type\":\"ImageObject\",\"inLanguage\":\"vo\",\"@id\":\"https:\\\/\\\/mihkelsoon.com\\\/vo\\\/toode\\\/vaiko-harp-ceirnin\\\/#primaryimage\",\"url\":\"https:\\\/\\\/mihkelsoon.com\\\/wp-content\\\/uploads\\\/2024\\\/11\\\/Ceirnin-harp-scaled.jpg\",\"contentUrl\":\"https:\\\/\\\/mihkelsoon.com\\\/wp-content\\\/uploads\\\/2024\\\/11\\\/Ceirnin-harp-scaled.jpg\",\"width\":2560,\"height\":1706},{\"@type\":\"BreadcrumbList\",\"@id\":\"https:\\\/\\\/mihkelsoon.com\\\/vo\\\/toode\\\/vaiko-harp-ceirnin\\\/#breadcrumb\",\"itemListElement\":[{\"@type\":\"ListItem\",\"position\":1,\"name\":\"Home\",\"item\":\"https:\\\/\\\/mihkelsoon.com\\\/\"},{\"@type\":\"ListItem\",\"position\":2,\"name\":\"Tooted\",\"item\":\"https:\\\/\\\/mihkelsoon.com\\\/shop\\\/\"},{\"@type\":\"ListItem\",\"position\":3,\"name\":\"V\u00e4iko harp Ceirn\u00edn\"}]},{\"@type\":\"WebSite\",\"@id\":\"https:\\\/\\\/mihkelsoon.com\\\/#website\",\"url\":\"https:\\\/\\\/mihkelsoon.com\\\/\",\"name\":\"Pillimeister Mihkel Soon\",\"description\":\"V\u00e4ikekannelde ja hiiu-rootsi kannelde m\u00fc\u00fck, tellimust\u00f6\u00f6na valmistamine ja remont.\",\"publisher\":{\"@id\":\"https:\\\/\\\/mihkelsoon.com\\\/#organization\"},\"potentialAction\":[{\"@type\":\"SearchAction\",\"target\":{\"@type\":\"EntryPoint\",\"urlTemplate\":\"https:\\\/\\\/mihkelsoon.com\\\/?s={search_term_string}\"},\"query-input\":{\"@type\":\"PropertyValueSpecification\",\"valueRequired\":true,\"valueName\":\"search_term_string\"}}],\"inLanguage\":\"vo\"},{\"@type\":\"Organization\",\"@id\":\"https:\\\/\\\/mihkelsoon.com\\\/#organization\",\"name\":\"Pillimeister Mihkel Soon O\u00dc\",\"url\":\"https:\\\/\\\/mihkelsoon.com\\\/\",\"logo\":{\"@type\":\"ImageObject\",\"inLanguage\":\"vo\",\"@id\":\"https:\\\/\\\/mihkelsoon.com\\\/#\\\/schema\\\/logo\\\/image\\\/\",\"url\":\"https:\\\/\\\/mihkelsoon.com\\\/wp-content\\\/uploads\\\/2023\\\/04\\\/Mihkel-Soon-logo-500x500-500-\u00d7-200-px.svg\",\"contentUrl\":\"https:\\\/\\\/mihkelsoon.com\\\/wp-content\\\/uploads\\\/2023\\\/04\\\/Mihkel-Soon-logo-500x500-500-\u00d7-200-px.svg\",\"width\":500,\"height\":200,\"caption\":\"Pillimeister Mihkel Soon O\u00dc\"},\"image\":{\"@id\":\"https:\\\/\\\/mihkelsoon.com\\\/#\\\/schema\\\/logo\\\/image\\\/\"},\"sameAs\":[\"https:\\\/\\\/www.facebook.com\\\/kandlemeister\"]}]}<\/script>\n<!-- \/ Yoast SEO plugin. -->","yoast_head_json":{"title":"V\u00e4iko harp Ceirn\u00edn - Pillimeister Mihkel Soon","robots":{"index":"index","follow":"follow","max-snippet":"max-snippet:-1","max-image-preview":"max-image-preview:large","max-video-preview":"max-video-preview:-1"},"canonical":"https:\/\/mihkelsoon.com\/vo\/toode\/vaiko-harp-ceirnin\/","og_locale":"en_US","og_type":"article","og_title":"V\u00e4iko harp Ceirn\u00edn - Pillimeister Mihkel Soon","og_description":"Rikka k\u00f5laga harbi n\u00e4\u00fcd\u00fcs \u201cCeirn\u00edn\u201d om k\u00fcl\u00e4nd kerge ja v\u00e4iko \u00fcten kanda\u2019  Muistist iiri t\u00fc\u00fcpi harp pronks\/messing- ja h\u00f5p\u00f5kiiliga, 20 kiilt, kats diatoonilist oktavit caomluighe-ni G-s ja kolm bassi: D, C ja cronan G  Passis alostajil\u00f5, opjil\u00f5, reisipillis ja \u00fclep\u00e4\u00e4 eg\u00e4s k\u00f5rras, ku om vaia rikka k\u00f5laga pilli, mid\u00e4 ol\u00f5si ka kerge \u00fcten vit\u00e4\u2019. \u00dctest puust kaib\u00f5t k\u00f5lakoda, kiiltapp\u00f5ga raam, mi\u00e4 om kokko pant nigu vanast - ilma kliimild\u00e4. Messingist k\u00e4silde tett\u00fc\u2019 keeletoe\u2019 ja p\u00f5s\u00f5riba\u2019.","og_url":"https:\/\/mihkelsoon.com\/vo\/toode\/vaiko-harp-ceirnin\/","og_site_name":"Pillimeister Mihkel Soon","article_publisher":"https:\/\/www.facebook.com\/kandlemeister","og_image":[{"width":2560,"height":1706,"url":"https:\/\/mihkelsoon.com\/wp-content\/uploads\/2024\/11\/Ceirnin-harp-scaled.jpg","type":"image\/jpeg"}],"twitter_card":"summary_large_image","schema":{"@context":"https:\/\/schema.org","@graph":[{"@type":"WebPage","@id":"https:\/\/mihkelsoon.com\/vo\/toode\/vaiko-harp-ceirnin\/","url":"https:\/\/mihkelsoon.com\/vo\/toode\/vaiko-harp-ceirnin\/","name":"V\u00e4iko harp Ceirn\u00edn - Pillimeister Mihkel Soon","isPartOf":{"@id":"https:\/\/mihkelsoon.com\/#website"},"primaryImageOfPage":{"@id":"https:\/\/mihkelsoon.com\/vo\/toode\/vaiko-harp-ceirnin\/#primaryimage"},"image":{"@id":"https:\/\/mihkelsoon.com\/vo\/toode\/vaiko-harp-ceirnin\/#primaryimage"},"thumbnailUrl":"https:\/\/mihkelsoon.com\/wp-content\/uploads\/2024\/11\/Ceirnin-harp-scaled.jpg","datePublished":"2023-04-17T13:21:04+00:00","breadcrumb":{"@id":"https:\/\/mihkelsoon.com\/vo\/toode\/vaiko-harp-ceirnin\/#breadcrumb"},"inLanguage":"vo","potentialAction":[{"@type":"ReadAction","target":["https:\/\/mihkelsoon.com\/vo\/toode\/vaiko-harp-ceirnin\/"]}]},{"@type":"ImageObject","inLanguage":"vo","@id":"https:\/\/mihkelsoon.com\/vo\/toode\/vaiko-harp-ceirnin\/#primaryimage","url":"https:\/\/mihkelsoon.com\/wp-content\/uploads\/2024\/11\/Ceirnin-harp-scaled.jpg","contentUrl":"https:\/\/mihkelsoon.com\/wp-content\/uploads\/2024\/11\/Ceirnin-harp-scaled.jpg","width":2560,"height":1706},{"@type":"BreadcrumbList","@id":"https:\/\/mihkelsoon.com\/vo\/toode\/vaiko-harp-ceirnin\/#breadcrumb","itemListElement":[{"@type":"ListItem","position":1,"name":"Home","item":"https:\/\/mihkelsoon.com\/"},{"@type":"ListItem","position":2,"name":"Tooted","item":"https:\/\/mihkelsoon.com\/shop\/"},{"@type":"ListItem","position":3,"name":"V\u00e4iko harp Ceirn\u00edn"}]},{"@type":"WebSite","@id":"https:\/\/mihkelsoon.com\/#website","url":"https:\/\/mihkelsoon.com\/","name":"Pillimeister Mihkel Soon","description":"V\u00e4ikekannelde ja hiiu-rootsi kannelde m\u00fc\u00fck, tellimust\u00f6\u00f6na valmistamine ja remont.","publisher":{"@id":"https:\/\/mihkelsoon.com\/#organization"},"potentialAction":[{"@type":"SearchAction","target":{"@type":"EntryPoint","urlTemplate":"https:\/\/mihkelsoon.com\/?s={search_term_string}"},"query-input":{"@type":"PropertyValueSpecification","valueRequired":true,"valueName":"search_term_string"}}],"inLanguage":"vo"},{"@type":"Organization","@id":"https:\/\/mihkelsoon.com\/#organization","name":"Pillimeister Mihkel Soon O\u00dc","url":"https:\/\/mihkelsoon.com\/","logo":{"@type":"ImageObject","inLanguage":"vo","@id":"https:\/\/mihkelsoon.com\/#\/schema\/logo\/image\/","url":"https:\/\/mihkelsoon.com\/wp-content\/uploads\/2023\/04\/Mihkel-Soon-logo-500x500-500-\u00d7-200-px.svg","contentUrl":"https:\/\/mihkelsoon.com\/wp-content\/uploads\/2023\/04\/Mihkel-Soon-logo-500x500-500-\u00d7-200-px.svg","width":500,"height":200,"caption":"Pillimeister Mihkel Soon O\u00dc"},"image":{"@id":"https:\/\/mihkelsoon.com\/#\/schema\/logo\/image\/"},"sameAs":["https:\/\/www.facebook.com\/kandlemeister"]}]}},"_links":{"self":[{"href":"https:\/\/mihkelsoon.com\/vo\/wp-json\/wp\/v2\/product\/3366","targetHints":{"allow":["GET"]}}],"collection":[{"href":"https:\/\/mihkelsoon.com\/vo\/wp-json\/wp\/v2\/product"}],"about":[{"href":"https:\/\/mihkelsoon.com\/vo\/wp-json\/wp\/v2\/types\/product"}],"wp:featuredmedia":[{"embeddable":true,"href":"https:\/\/mihkelsoon.com\/vo\/wp-json\/wp\/v2\/media\/5049"}],"wp:attachment":[{"href":"https:\/\/mihkelsoon.com\/vo\/wp-json\/wp\/v2\/media?parent=3366"}],"wp:term":[{"taxonomy":"product_brand","embeddable":true,"href":"https:\/\/mihkelsoon.com\/vo\/wp-json\/wp\/v2\/product_brand?post=3366"},{"taxonomy":"product_cat","embeddable":true,"href":"https:\/\/mihkelsoon.com\/vo\/wp-json\/wp\/v2\/product_cat?post=3366"},{"taxonomy":"product_tag","embeddable":true,"href":"https:\/\/mihkelsoon.com\/vo\/wp-json\/wp\/v2\/product_tag?post=3366"}],"curies":[{"name":"wp","href":"https:\/\/api.w.org\/{rel}","templated":true}]}}