{"id":4547,"date":"2024-04-12T08:45:28","date_gmt":"2024-04-12T08:45:28","guid":{"rendered":"https:\/\/www.mihkelsoon.com\/toode\/crafting-an-instrument-vaikekannel\/"},"modified":"2024-04-12T09:21:31","modified_gmt":"2024-04-12T09:21:31","slug":"crafting-an-instrument-vaikekannel","status":"publish","type":"product","link":"https:\/\/mihkelsoon.com\/en\/toode\/crafting-an-instrument-vaikekannel\/","title":{"rendered":"Crafting an instrument: v\u00e4ikekannel"},"content":{"rendered":"<div>6-day instrument building workshop guided by master instrument maker Mihkel Soon.<br \/>\nV\u00e4ikekannel, the oldest type of Estonian zither, has been in use in this region for at least thousand years. It is hollowed out of one solid piece of wood and has six to 12 strings.<br \/>\nBasic woodworking skills are recommended.<\/div>\n<div><\/div>\n<div>NB! Catering and accommodation are not included!<\/div>\n<div>For more information please contact:\u00a0<a href=\"mailto:mihkel.soon@gmail.com\" target=\"_blank\" rel=\"noopener\">mihkel.soon@gmail.com<\/a><\/div>\n<div>Project is a part of the European Capital of Culture Tartu 2024 programme.<\/div>\n<div><a href=\"https:\/\/store.piletilevi.ee\/public\/en\/event\/404835\/purchase\/sector\/20624?sp=tartu2024\"><span style=\"color: #3366ff;\">BUY TICKET HERE!<\/span><\/a><\/div>\n","protected":false},"excerpt":{"rendered":"<p>6-day instrument building workshop guided by master instrument maker Mihkel Soon. V\u00e4ikekannel, the oldest type of Estonian zither, has been in use in this region for at least thousand years. It is hollowed out of one solid piece of wood and has six to 12 strings. Basic woodworking skills are recommended. NB! Catering and accommodation [&hellip;]<\/p>\n","protected":false},"featured_media":4542,"template":"","meta":{"inline_featured_image":false,"site-sidebar-layout":"default","site-content-layout":"","ast-site-content-layout":"default","site-content-style":"default","site-sidebar-style":"default","ast-global-header-display":"","ast-banner-title-visibility":"","ast-main-header-display":"","ast-hfb-above-header-display":"","ast-hfb-below-header-display":"","ast-hfb-mobile-header-display":"","site-post-title":"","ast-breadcrumbs-content":"","ast-featured-img":"","footer-sml-layout":"","theme-transparent-header-meta":"default","adv-header-id-meta":"","stick-header-meta":"","header-above-stick-meta":"","header-main-stick-meta":"","header-below-stick-meta":"","astra-migrate-meta-layouts":"default","ast-page-background-enabled":"default","ast-page-background-meta":{"desktop":{"background-color":"","background-image":"","background-repeat":"repeat","background-position":"center center","background-size":"auto","background-attachment":"scroll","background-type":"","background-media":"","overlay-type":"","overlay-color":"","overlay-opacity":"","overlay-gradient":""},"tablet":{"background-color":"","background-image":"","background-repeat":"repeat","background-position":"center center","background-size":"auto","background-attachment":"scroll","background-type":"","background-media":"","overlay-type":"","overlay-color":"","overlay-opacity":"","overlay-gradient":""},"mobile":{"background-color":"","background-image":"","background-repeat":"repeat","background-position":"center center","background-size":"auto","background-attachment":"scroll","background-type":"","background-media":"","overlay-type":"","overlay-color":"","overlay-opacity":"","overlay-gradient":""}},"ast-content-background-meta":{"desktop":{"background-color":"var(--ast-global-color-5)","background-image":"","background-repeat":"repeat","background-position":"center center","background-size":"auto","background-attachment":"scroll","background-type":"","background-media":"","overlay-type":"","overlay-color":"","overlay-opacity":"","overlay-gradient":""},"tablet":{"background-color":"var(--ast-global-color-5)","background-image":"","background-repeat":"repeat","background-position":"center center","background-size":"auto","background-attachment":"scroll","background-type":"","background-media":"","overlay-type":"","overlay-color":"","overlay-opacity":"","overlay-gradient":""},"mobile":{"background-color":"var(--ast-global-color-5)","background-image":"","background-repeat":"repeat","background-position":"center center","background-size":"auto","background-attachment":"scroll","background-type":"","background-media":"","overlay-type":"","overlay-color":"","overlay-opacity":"","overlay-gradient":""}}},"product_brand":[],"product_cat":[202],"product_tag":[],"class_list":{"0":"post-4547","1":"product","2":"type-product","3":"status-publish","4":"has-post-thumbnail","6":"product_cat-events","7":"desktop-align-left","8":"tablet-align-left","9":"mobile-align-left","10":"ast-product-gallery-layout-horizontal-slider","12":"first","13":"instock","14":"taxable","15":"shipping-taxable","16":"product-type-simple"},"yoast_head":"<!-- This site is optimized with the Yoast SEO plugin v27.4 - https:\/\/yoast.com\/product\/yoast-seo-wordpress\/ -->\n<title>Crafting an instrument: v\u00e4ikekannel - Pillimeister Mihkel Soon<\/title>\n<meta name=\"robots\" content=\"index, follow, max-snippet:-1, max-image-preview:large, max-video-preview:-1\" \/>\n<link rel=\"canonical\" href=\"https:\/\/mihkelsoon.com\/en\/toode\/crafting-an-instrument-vaikekannel\/\" \/>\n<meta property=\"og:locale\" content=\"en_US\" \/>\n<meta property=\"og:type\" content=\"article\" \/>\n<meta property=\"og:title\" content=\"Crafting an instrument: v\u00e4ikekannel - Pillimeister Mihkel Soon\" \/>\n<meta property=\"og:description\" content=\"6-day instrument building workshop guided by master instrument maker Mihkel Soon. V\u00e4ikekannel, the oldest type of Estonian zither, has been in use in this region for at least thousand years. It is hollowed out of one solid piece of wood and has six to 12 strings. Basic woodworking skills are recommended. NB! Catering and accommodation [&hellip;]\" \/>\n<meta property=\"og:url\" content=\"https:\/\/mihkelsoon.com\/en\/toode\/crafting-an-instrument-vaikekannel\/\" \/>\n<meta property=\"og:site_name\" content=\"Pillimeister Mihkel Soon\" \/>\n<meta property=\"article:publisher\" content=\"https:\/\/www.facebook.com\/kandlemeister\" \/>\n<meta property=\"article:modified_time\" content=\"2024-04-12T09:21:31+00:00\" \/>\n<meta property=\"og:image\" content=\"https:\/\/mihkelsoon.com\/wp-content\/uploads\/2024\/04\/pillilaager.png\" \/>\n\t<meta property=\"og:image:width\" content=\"1920\" \/>\n\t<meta property=\"og:image:height\" content=\"1080\" \/>\n\t<meta property=\"og:image:type\" content=\"image\/png\" \/>\n<meta name=\"twitter:card\" content=\"summary_large_image\" \/>\n<script type=\"application\/ld+json\" class=\"yoast-schema-graph\">{\"@context\":\"https:\\\/\\\/schema.org\",\"@graph\":[{\"@type\":\"WebPage\",\"@id\":\"https:\\\/\\\/mihkelsoon.com\\\/en\\\/toode\\\/crafting-an-instrument-vaikekannel\\\/\",\"url\":\"https:\\\/\\\/mihkelsoon.com\\\/en\\\/toode\\\/crafting-an-instrument-vaikekannel\\\/\",\"name\":\"Crafting an instrument: v\u00e4ikekannel - Pillimeister Mihkel Soon\",\"isPartOf\":{\"@id\":\"https:\\\/\\\/mihkelsoon.com\\\/#website\"},\"primaryImageOfPage\":{\"@id\":\"https:\\\/\\\/mihkelsoon.com\\\/en\\\/toode\\\/crafting-an-instrument-vaikekannel\\\/#primaryimage\"},\"image\":{\"@id\":\"https:\\\/\\\/mihkelsoon.com\\\/en\\\/toode\\\/crafting-an-instrument-vaikekannel\\\/#primaryimage\"},\"thumbnailUrl\":\"https:\\\/\\\/mihkelsoon.com\\\/wp-content\\\/uploads\\\/2024\\\/04\\\/pillilaager.png\",\"datePublished\":\"2024-04-12T08:45:28+00:00\",\"dateModified\":\"2024-04-12T09:21:31+00:00\",\"breadcrumb\":{\"@id\":\"https:\\\/\\\/mihkelsoon.com\\\/en\\\/toode\\\/crafting-an-instrument-vaikekannel\\\/#breadcrumb\"},\"inLanguage\":\"en-US\",\"potentialAction\":[{\"@type\":\"ReadAction\",\"target\":[\"https:\\\/\\\/mihkelsoon.com\\\/en\\\/toode\\\/crafting-an-instrument-vaikekannel\\\/\"]}]},{\"@type\":\"ImageObject\",\"inLanguage\":\"en-US\",\"@id\":\"https:\\\/\\\/mihkelsoon.com\\\/en\\\/toode\\\/crafting-an-instrument-vaikekannel\\\/#primaryimage\",\"url\":\"https:\\\/\\\/mihkelsoon.com\\\/wp-content\\\/uploads\\\/2024\\\/04\\\/pillilaager.png\",\"contentUrl\":\"https:\\\/\\\/mihkelsoon.com\\\/wp-content\\\/uploads\\\/2024\\\/04\\\/pillilaager.png\",\"width\":1920,\"height\":1080},{\"@type\":\"BreadcrumbList\",\"@id\":\"https:\\\/\\\/mihkelsoon.com\\\/en\\\/toode\\\/crafting-an-instrument-vaikekannel\\\/#breadcrumb\",\"itemListElement\":[{\"@type\":\"ListItem\",\"position\":1,\"name\":\"Home\",\"item\":\"https:\\\/\\\/mihkelsoon.com\\\/\"},{\"@type\":\"ListItem\",\"position\":2,\"name\":\"Tooted\",\"item\":\"https:\\\/\\\/mihkelsoon.com\\\/shop\\\/\"},{\"@type\":\"ListItem\",\"position\":3,\"name\":\"Crafting an instrument: v\u00e4ikekannel\"}]},{\"@type\":\"WebSite\",\"@id\":\"https:\\\/\\\/mihkelsoon.com\\\/#website\",\"url\":\"https:\\\/\\\/mihkelsoon.com\\\/\",\"name\":\"Pillimeister Mihkel Soon\",\"description\":\"V\u00e4ikekannelde ja hiiu-rootsi kannelde m\u00fc\u00fck, tellimust\u00f6\u00f6na valmistamine ja remont.\",\"publisher\":{\"@id\":\"https:\\\/\\\/mihkelsoon.com\\\/#organization\"},\"potentialAction\":[{\"@type\":\"SearchAction\",\"target\":{\"@type\":\"EntryPoint\",\"urlTemplate\":\"https:\\\/\\\/mihkelsoon.com\\\/?s={search_term_string}\"},\"query-input\":{\"@type\":\"PropertyValueSpecification\",\"valueRequired\":true,\"valueName\":\"search_term_string\"}}],\"inLanguage\":\"en-US\"},{\"@type\":\"Organization\",\"@id\":\"https:\\\/\\\/mihkelsoon.com\\\/#organization\",\"name\":\"Pillimeister Mihkel Soon O\u00dc\",\"url\":\"https:\\\/\\\/mihkelsoon.com\\\/\",\"logo\":{\"@type\":\"ImageObject\",\"inLanguage\":\"en-US\",\"@id\":\"https:\\\/\\\/mihkelsoon.com\\\/#\\\/schema\\\/logo\\\/image\\\/\",\"url\":\"https:\\\/\\\/mihkelsoon.com\\\/wp-content\\\/uploads\\\/2023\\\/04\\\/Mihkel-Soon-logo-500x500-500-\u00d7-200-px.svg\",\"contentUrl\":\"https:\\\/\\\/mihkelsoon.com\\\/wp-content\\\/uploads\\\/2023\\\/04\\\/Mihkel-Soon-logo-500x500-500-\u00d7-200-px.svg\",\"width\":500,\"height\":200,\"caption\":\"Pillimeister Mihkel Soon O\u00dc\"},\"image\":{\"@id\":\"https:\\\/\\\/mihkelsoon.com\\\/#\\\/schema\\\/logo\\\/image\\\/\"},\"sameAs\":[\"https:\\\/\\\/www.facebook.com\\\/kandlemeister\"]}]}<\/script>\n<!-- \/ Yoast SEO plugin. -->","yoast_head_json":{"title":"Crafting an instrument: v\u00e4ikekannel - Pillimeister Mihkel Soon","robots":{"index":"index","follow":"follow","max-snippet":"max-snippet:-1","max-image-preview":"max-image-preview:large","max-video-preview":"max-video-preview:-1"},"canonical":"https:\/\/mihkelsoon.com\/en\/toode\/crafting-an-instrument-vaikekannel\/","og_locale":"en_US","og_type":"article","og_title":"Crafting an instrument: v\u00e4ikekannel - Pillimeister Mihkel Soon","og_description":"6-day instrument building workshop guided by master instrument maker Mihkel Soon. V\u00e4ikekannel, the oldest type of Estonian zither, has been in use in this region for at least thousand years. It is hollowed out of one solid piece of wood and has six to 12 strings. Basic woodworking skills are recommended. NB! Catering and accommodation [&hellip;]","og_url":"https:\/\/mihkelsoon.com\/en\/toode\/crafting-an-instrument-vaikekannel\/","og_site_name":"Pillimeister Mihkel Soon","article_publisher":"https:\/\/www.facebook.com\/kandlemeister","article_modified_time":"2024-04-12T09:21:31+00:00","og_image":[{"width":1920,"height":1080,"url":"https:\/\/mihkelsoon.com\/wp-content\/uploads\/2024\/04\/pillilaager.png","type":"image\/png"}],"twitter_card":"summary_large_image","schema":{"@context":"https:\/\/schema.org","@graph":[{"@type":"WebPage","@id":"https:\/\/mihkelsoon.com\/en\/toode\/crafting-an-instrument-vaikekannel\/","url":"https:\/\/mihkelsoon.com\/en\/toode\/crafting-an-instrument-vaikekannel\/","name":"Crafting an instrument: v\u00e4ikekannel - Pillimeister Mihkel Soon","isPartOf":{"@id":"https:\/\/mihkelsoon.com\/#website"},"primaryImageOfPage":{"@id":"https:\/\/mihkelsoon.com\/en\/toode\/crafting-an-instrument-vaikekannel\/#primaryimage"},"image":{"@id":"https:\/\/mihkelsoon.com\/en\/toode\/crafting-an-instrument-vaikekannel\/#primaryimage"},"thumbnailUrl":"https:\/\/mihkelsoon.com\/wp-content\/uploads\/2024\/04\/pillilaager.png","datePublished":"2024-04-12T08:45:28+00:00","dateModified":"2024-04-12T09:21:31+00:00","breadcrumb":{"@id":"https:\/\/mihkelsoon.com\/en\/toode\/crafting-an-instrument-vaikekannel\/#breadcrumb"},"inLanguage":"en-US","potentialAction":[{"@type":"ReadAction","target":["https:\/\/mihkelsoon.com\/en\/toode\/crafting-an-instrument-vaikekannel\/"]}]},{"@type":"ImageObject","inLanguage":"en-US","@id":"https:\/\/mihkelsoon.com\/en\/toode\/crafting-an-instrument-vaikekannel\/#primaryimage","url":"https:\/\/mihkelsoon.com\/wp-content\/uploads\/2024\/04\/pillilaager.png","contentUrl":"https:\/\/mihkelsoon.com\/wp-content\/uploads\/2024\/04\/pillilaager.png","width":1920,"height":1080},{"@type":"BreadcrumbList","@id":"https:\/\/mihkelsoon.com\/en\/toode\/crafting-an-instrument-vaikekannel\/#breadcrumb","itemListElement":[{"@type":"ListItem","position":1,"name":"Home","item":"https:\/\/mihkelsoon.com\/"},{"@type":"ListItem","position":2,"name":"Tooted","item":"https:\/\/mihkelsoon.com\/shop\/"},{"@type":"ListItem","position":3,"name":"Crafting an instrument: v\u00e4ikekannel"}]},{"@type":"WebSite","@id":"https:\/\/mihkelsoon.com\/#website","url":"https:\/\/mihkelsoon.com\/","name":"Pillimeister Mihkel Soon","description":"V\u00e4ikekannelde ja hiiu-rootsi kannelde m\u00fc\u00fck, tellimust\u00f6\u00f6na valmistamine ja remont.","publisher":{"@id":"https:\/\/mihkelsoon.com\/#organization"},"potentialAction":[{"@type":"SearchAction","target":{"@type":"EntryPoint","urlTemplate":"https:\/\/mihkelsoon.com\/?s={search_term_string}"},"query-input":{"@type":"PropertyValueSpecification","valueRequired":true,"valueName":"search_term_string"}}],"inLanguage":"en-US"},{"@type":"Organization","@id":"https:\/\/mihkelsoon.com\/#organization","name":"Pillimeister Mihkel Soon O\u00dc","url":"https:\/\/mihkelsoon.com\/","logo":{"@type":"ImageObject","inLanguage":"en-US","@id":"https:\/\/mihkelsoon.com\/#\/schema\/logo\/image\/","url":"https:\/\/mihkelsoon.com\/wp-content\/uploads\/2023\/04\/Mihkel-Soon-logo-500x500-500-\u00d7-200-px.svg","contentUrl":"https:\/\/mihkelsoon.com\/wp-content\/uploads\/2023\/04\/Mihkel-Soon-logo-500x500-500-\u00d7-200-px.svg","width":500,"height":200,"caption":"Pillimeister Mihkel Soon O\u00dc"},"image":{"@id":"https:\/\/mihkelsoon.com\/#\/schema\/logo\/image\/"},"sameAs":["https:\/\/www.facebook.com\/kandlemeister"]}]}},"_links":{"self":[{"href":"https:\/\/mihkelsoon.com\/en\/wp-json\/wp\/v2\/product\/4547","targetHints":{"allow":["GET"]}}],"collection":[{"href":"https:\/\/mihkelsoon.com\/en\/wp-json\/wp\/v2\/product"}],"about":[{"href":"https:\/\/mihkelsoon.com\/en\/wp-json\/wp\/v2\/types\/product"}],"wp:featuredmedia":[{"embeddable":true,"href":"https:\/\/mihkelsoon.com\/en\/wp-json\/wp\/v2\/media\/4542"}],"wp:attachment":[{"href":"https:\/\/mihkelsoon.com\/en\/wp-json\/wp\/v2\/media?parent=4547"}],"wp:term":[{"taxonomy":"product_brand","embeddable":true,"href":"https:\/\/mihkelsoon.com\/en\/wp-json\/wp\/v2\/product_brand?post=4547"},{"taxonomy":"product_cat","embeddable":true,"href":"https:\/\/mihkelsoon.com\/en\/wp-json\/wp\/v2\/product_cat?post=4547"},{"taxonomy":"product_tag","embeddable":true,"href":"https:\/\/mihkelsoon.com\/en\/wp-json\/wp\/v2\/product_tag?post=4547"}],"curies":[{"name":"wp","href":"https:\/\/api.w.org\/{rel}","templated":true}]}}