{"id":2675,"date":"2023-03-05T19:32:22","date_gmt":"2023-03-05T19:32:22","guid":{"rendered":"http:\/\/mihkelsoon.com\/toode\/12-stringed-vaned-kannel\/"},"modified":"2024-10-16T06:24:18","modified_gmt":"2024-10-16T06:24:18","slug":"12-stringed-kannel-with-wing","status":"publish","type":"product","link":"https:\/\/mihkelsoon.com\/en\/toode\/12-stringed-kannel-with-wing\/","title":{"rendered":"12-stringed kannel with wing"},"content":{"rendered":"<h3 class=\"western\">12-Stringed Kannel with Wing: A Traditional Estonian Folk Instrument<\/h3>\n<p class=\"western\">The 12-string kannel with wing is one of the oldest and most significant instruments in Estonian folk music. It remains a beloved choice for both experienced musicians and those new to traditional music. This instrument, handcrafted from carefully selected Estonian black alder, ash, or spruce, produces a rich sound that is deeply connected to Estonia&#8217;s cultural heritage. The kannel has even been mentioned in the first line of the Estonian national epic and commemorated on a postage stamp.<\/p>\n<p class=\"western\">Each kannel is made using traditional methods, with the body carved from a single block of wood. The \u201c<em>kolju<\/em>\u201d (a raised part under the player&#8217;s right hand where the tuning peg for the strings is attached) is also carved from the same piece of wood. The soundboard, made from high-quality spruce sourced from the Alps or Carpathian Mountains, enhances the instrument\u2019s tone and resonance. It is finished with sharp, hand-held tools to achieve a smooth surface, reflecting respect for the old craftsmanship traditions when sanding techniques were less common, and instruments were entirely handmade using household tools. The soundholes are patterned after historical instruments kept in museums and arranged to optimize resonance.<\/p>\n<p class=\"western\">The 12-string kannel with wing produces a deep, rich tone with complex overtones, thanks to its unique construction. A single plucked string vibrates through the bridge, setting off sympathetic vibrations in the other strings, creating a broad spectrum of sound. This characteristic is particularly associated with the traditional Estonian kannel.<\/p>\n<p class=\"western\">Historically, the kannel has been a part of Estonian folk music for over a thousand years. Similar instruments can be found in neighboring countries, such as the kokles in Latvia, the kankl\u0117s in Lithuania, and the gusli in Russia. While often referred to as a Baltic psaltery or zither in English, these terms can be misleading, as they refer to different types of instruments with similar but distinct characteristics.<\/p>\n<p class=\"western\">\n","protected":false},"excerpt":{"rendered":"<p>D major:\u00a0 A3 &#8211; B3 &#8211; #C4 &#8211; D4 &#8211; E4 &#8211; #F4 &#8211; G4 &#8211; A4 &#8211; B4 &#8211;\u00a0 #C5 &#8211; D5 &#8211; E5<\/p>\n<p>5 mm nickel coated steel tuning pins<\/p>\n<p>Steel strings<\/p>\n<p>Instruments body hollowed out of a single piece of wood: spruce, ash or black alder<\/p>\n<p>Belly made of radially cut spruce<\/p>\n<p>Surface finished with sharp handcraft cutting tools<\/p>\n<p>Finished with natural oils based varnishes<\/p>\n<p>Tuning wrench and spare strings included<\/p>\n<p>Dimensions: 80 x 15 x 8 cm length may vary according to the size of the wing<\/p>\n","protected":false},"featured_media":4271,"template":"","meta":{"inline_featured_image":false,"site-sidebar-layout":"default","site-content-layout":"default","ast-site-content-layout":"default","site-content-style":"default","site-sidebar-style":"default","ast-global-header-display":"","ast-banner-title-visibility":"","ast-main-header-display":"","ast-hfb-above-header-display":"","ast-hfb-below-header-display":"","ast-hfb-mobile-header-display":"","site-post-title":"","ast-breadcrumbs-content":"","ast-featured-img":"","footer-sml-layout":"","theme-transparent-header-meta":"default","adv-header-id-meta":"","stick-header-meta":"default","header-above-stick-meta":"","header-main-stick-meta":"","header-below-stick-meta":"","astra-migrate-meta-layouts":"default","ast-page-background-enabled":"default","ast-page-background-meta":{"desktop":{"background-color":"","background-image":"","background-repeat":"repeat","background-position":"center center","background-size":"auto","background-attachment":"scroll","background-type":"","background-media":"","overlay-type":"","overlay-color":"","overlay-opacity":"","overlay-gradient":""},"tablet":{"background-color":"","background-image":"","background-repeat":"repeat","background-position":"center center","background-size":"auto","background-attachment":"scroll","background-type":"","background-media":"","overlay-type":"","overlay-color":"","overlay-opacity":"","overlay-gradient":""},"mobile":{"background-color":"","background-image":"","background-repeat":"repeat","background-position":"center center","background-size":"auto","background-attachment":"scroll","background-type":"","background-media":"","overlay-type":"","overlay-color":"","overlay-opacity":"","overlay-gradient":""}},"ast-content-background-meta":{"desktop":{"background-color":"var(--ast-global-color-5)","background-image":"","background-repeat":"repeat","background-position":"center center","background-size":"auto","background-attachment":"scroll","background-type":"","background-media":"","overlay-type":"","overlay-color":"","overlay-opacity":"","overlay-gradient":""},"tablet":{"background-color":"var(--ast-global-color-5)","background-image":"","background-repeat":"repeat","background-position":"center center","background-size":"auto","background-attachment":"scroll","background-type":"","background-media":"","overlay-type":"","overlay-color":"","overlay-opacity":"","overlay-gradient":""},"mobile":{"background-color":"var(--ast-global-color-5)","background-image":"","background-repeat":"repeat","background-position":"center center","background-size":"auto","background-attachment":"scroll","background-type":"","background-media":"","overlay-type":"","overlay-color":"","overlay-opacity":"","overlay-gradient":""}}},"product_brand":[],"product_cat":[121,125],"product_tag":[],"class_list":{"0":"post-2675","1":"product","2":"type-product","3":"status-publish","4":"has-post-thumbnail","6":"product_cat-kannels","7":"product_cat-vaned-kannels","8":"product_shipping_class-other","9":"desktop-align-left","10":"tablet-align-left","11":"mobile-align-left","12":"ast-product-gallery-layout-horizontal-slider","13":"ast-product-single-variable","15":"first","16":"onbackorder","17":"taxable","18":"shipping-taxable","19":"purchasable","20":"product-type-variable"},"yoast_head":"<!-- This site is optimized with the Yoast SEO plugin v27.3 - https:\/\/yoast.com\/product\/yoast-seo-wordpress\/ -->\n<title>12-stringed kannel with wing - Pillimeister Mihkel Soon<\/title>\n<meta name=\"description\" content=\"Discover the handcrafted 12-string kannel with wing, an iconic Estonian folk instrument made from black alder, ash, or spruce, offering rich tones and traditional craftsmanship\" \/>\n<meta name=\"robots\" content=\"index, follow, max-snippet:-1, max-image-preview:large, max-video-preview:-1\" \/>\n<link rel=\"canonical\" href=\"https:\/\/mihkelsoon.com\/en\/toode\/12-stringed-kannel-with-wing\/\" \/>\n<meta property=\"og:locale\" content=\"en_US\" \/>\n<meta property=\"og:type\" content=\"article\" \/>\n<meta property=\"og:title\" content=\"12-stringed kannel with wing - Pillimeister Mihkel Soon\" \/>\n<meta property=\"og:description\" content=\"Discover the handcrafted 12-string kannel with wing, an iconic Estonian folk instrument made from black alder, ash, or spruce, offering rich tones and traditional craftsmanship\" \/>\n<meta property=\"og:url\" content=\"https:\/\/mihkelsoon.com\/en\/toode\/12-stringed-kannel-with-wing\/\" \/>\n<meta property=\"og:site_name\" content=\"Pillimeister Mihkel Soon\" \/>\n<meta property=\"article:publisher\" content=\"https:\/\/www.facebook.com\/kandlemeister\" \/>\n<meta property=\"article:modified_time\" content=\"2024-10-16T06:24:18+00:00\" \/>\n<meta property=\"og:image\" content=\"https:\/\/mihkelsoon.com\/wp-content\/uploads\/2024\/01\/12D-labaga-kannel-kaheksakand-tume-kuusk-1.png\" \/>\n\t<meta property=\"og:image:width\" content=\"2000\" \/>\n\t<meta property=\"og:image:height\" content=\"1333\" \/>\n\t<meta property=\"og:image:type\" content=\"image\/png\" \/>\n<meta name=\"twitter:card\" content=\"summary_large_image\" \/>\n<meta name=\"twitter:label1\" content=\"Est. reading time\" \/>\n\t<meta name=\"twitter:data1\" content=\"2 minutes\" \/>\n<script type=\"application\/ld+json\" class=\"yoast-schema-graph\">{\"@context\":\"https:\\\/\\\/schema.org\",\"@graph\":[{\"@type\":\"WebPage\",\"@id\":\"https:\\\/\\\/mihkelsoon.com\\\/en\\\/toode\\\/12-stringed-kannel-with-wing\\\/\",\"url\":\"https:\\\/\\\/mihkelsoon.com\\\/en\\\/toode\\\/12-stringed-kannel-with-wing\\\/\",\"name\":\"12-stringed kannel with wing - Pillimeister Mihkel Soon\",\"isPartOf\":{\"@id\":\"https:\\\/\\\/mihkelsoon.com\\\/#website\"},\"primaryImageOfPage\":{\"@id\":\"https:\\\/\\\/mihkelsoon.com\\\/en\\\/toode\\\/12-stringed-kannel-with-wing\\\/#primaryimage\"},\"image\":{\"@id\":\"https:\\\/\\\/mihkelsoon.com\\\/en\\\/toode\\\/12-stringed-kannel-with-wing\\\/#primaryimage\"},\"thumbnailUrl\":\"https:\\\/\\\/mihkelsoon.com\\\/wp-content\\\/uploads\\\/2024\\\/01\\\/12D-labaga-kannel-kaheksakand-tume-kuusk-1.png\",\"datePublished\":\"2023-03-05T19:32:22+00:00\",\"dateModified\":\"2024-10-16T06:24:18+00:00\",\"description\":\"Discover the handcrafted 12-string kannel with wing, an iconic Estonian folk instrument made from black alder, ash, or spruce, offering rich tones and traditional craftsmanship\",\"breadcrumb\":{\"@id\":\"https:\\\/\\\/mihkelsoon.com\\\/en\\\/toode\\\/12-stringed-kannel-with-wing\\\/#breadcrumb\"},\"inLanguage\":\"en-US\",\"potentialAction\":[{\"@type\":\"ReadAction\",\"target\":[\"https:\\\/\\\/mihkelsoon.com\\\/en\\\/toode\\\/12-stringed-kannel-with-wing\\\/\"]}]},{\"@type\":\"ImageObject\",\"inLanguage\":\"en-US\",\"@id\":\"https:\\\/\\\/mihkelsoon.com\\\/en\\\/toode\\\/12-stringed-kannel-with-wing\\\/#primaryimage\",\"url\":\"https:\\\/\\\/mihkelsoon.com\\\/wp-content\\\/uploads\\\/2024\\\/01\\\/12D-labaga-kannel-kaheksakand-tume-kuusk-1.png\",\"contentUrl\":\"https:\\\/\\\/mihkelsoon.com\\\/wp-content\\\/uploads\\\/2024\\\/01\\\/12D-labaga-kannel-kaheksakand-tume-kuusk-1.png\",\"width\":2000,\"height\":1333,\"caption\":\"seto labaga 12-keelne kannel\"},{\"@type\":\"BreadcrumbList\",\"@id\":\"https:\\\/\\\/mihkelsoon.com\\\/en\\\/toode\\\/12-stringed-kannel-with-wing\\\/#breadcrumb\",\"itemListElement\":[{\"@type\":\"ListItem\",\"position\":1,\"name\":\"Home\",\"item\":\"https:\\\/\\\/mihkelsoon.com\\\/\"},{\"@type\":\"ListItem\",\"position\":2,\"name\":\"Tooted\",\"item\":\"https:\\\/\\\/mihkelsoon.com\\\/shop\\\/\"},{\"@type\":\"ListItem\",\"position\":3,\"name\":\"12-stringed kannel with wing\"}]},{\"@type\":\"WebSite\",\"@id\":\"https:\\\/\\\/mihkelsoon.com\\\/#website\",\"url\":\"https:\\\/\\\/mihkelsoon.com\\\/\",\"name\":\"Pillimeister Mihkel Soon\",\"description\":\"V\u00e4ikekannelde ja hiiu-rootsi kannelde m\u00fc\u00fck, tellimust\u00f6\u00f6na valmistamine ja remont.\",\"publisher\":{\"@id\":\"https:\\\/\\\/mihkelsoon.com\\\/#organization\"},\"potentialAction\":[{\"@type\":\"SearchAction\",\"target\":{\"@type\":\"EntryPoint\",\"urlTemplate\":\"https:\\\/\\\/mihkelsoon.com\\\/?s={search_term_string}\"},\"query-input\":{\"@type\":\"PropertyValueSpecification\",\"valueRequired\":true,\"valueName\":\"search_term_string\"}}],\"inLanguage\":\"en-US\"},{\"@type\":\"Organization\",\"@id\":\"https:\\\/\\\/mihkelsoon.com\\\/#organization\",\"name\":\"Pillimeister Mihkel Soon O\u00dc\",\"url\":\"https:\\\/\\\/mihkelsoon.com\\\/\",\"logo\":{\"@type\":\"ImageObject\",\"inLanguage\":\"en-US\",\"@id\":\"https:\\\/\\\/mihkelsoon.com\\\/#\\\/schema\\\/logo\\\/image\\\/\",\"url\":\"https:\\\/\\\/mihkelsoon.com\\\/wp-content\\\/uploads\\\/2023\\\/04\\\/Mihkel-Soon-logo-500x500-500-\u00d7-200-px.svg\",\"contentUrl\":\"https:\\\/\\\/mihkelsoon.com\\\/wp-content\\\/uploads\\\/2023\\\/04\\\/Mihkel-Soon-logo-500x500-500-\u00d7-200-px.svg\",\"width\":500,\"height\":200,\"caption\":\"Pillimeister Mihkel Soon O\u00dc\"},\"image\":{\"@id\":\"https:\\\/\\\/mihkelsoon.com\\\/#\\\/schema\\\/logo\\\/image\\\/\"},\"sameAs\":[\"https:\\\/\\\/www.facebook.com\\\/kandlemeister\"]}]}<\/script>\n<!-- \/ Yoast SEO plugin. -->","yoast_head_json":{"title":"12-stringed kannel with wing - Pillimeister Mihkel Soon","description":"Discover the handcrafted 12-string kannel with wing, an iconic Estonian folk instrument made from black alder, ash, or spruce, offering rich tones and traditional craftsmanship","robots":{"index":"index","follow":"follow","max-snippet":"max-snippet:-1","max-image-preview":"max-image-preview:large","max-video-preview":"max-video-preview:-1"},"canonical":"https:\/\/mihkelsoon.com\/en\/toode\/12-stringed-kannel-with-wing\/","og_locale":"en_US","og_type":"article","og_title":"12-stringed kannel with wing - Pillimeister Mihkel Soon","og_description":"Discover the handcrafted 12-string kannel with wing, an iconic Estonian folk instrument made from black alder, ash, or spruce, offering rich tones and traditional craftsmanship","og_url":"https:\/\/mihkelsoon.com\/en\/toode\/12-stringed-kannel-with-wing\/","og_site_name":"Pillimeister Mihkel Soon","article_publisher":"https:\/\/www.facebook.com\/kandlemeister","article_modified_time":"2024-10-16T06:24:18+00:00","og_image":[{"width":2000,"height":1333,"url":"https:\/\/mihkelsoon.com\/wp-content\/uploads\/2024\/01\/12D-labaga-kannel-kaheksakand-tume-kuusk-1.png","type":"image\/png"}],"twitter_card":"summary_large_image","twitter_misc":{"Est. reading time":"2 minutes"},"schema":{"@context":"https:\/\/schema.org","@graph":[{"@type":"WebPage","@id":"https:\/\/mihkelsoon.com\/en\/toode\/12-stringed-kannel-with-wing\/","url":"https:\/\/mihkelsoon.com\/en\/toode\/12-stringed-kannel-with-wing\/","name":"12-stringed kannel with wing - Pillimeister Mihkel Soon","isPartOf":{"@id":"https:\/\/mihkelsoon.com\/#website"},"primaryImageOfPage":{"@id":"https:\/\/mihkelsoon.com\/en\/toode\/12-stringed-kannel-with-wing\/#primaryimage"},"image":{"@id":"https:\/\/mihkelsoon.com\/en\/toode\/12-stringed-kannel-with-wing\/#primaryimage"},"thumbnailUrl":"https:\/\/mihkelsoon.com\/wp-content\/uploads\/2024\/01\/12D-labaga-kannel-kaheksakand-tume-kuusk-1.png","datePublished":"2023-03-05T19:32:22+00:00","dateModified":"2024-10-16T06:24:18+00:00","description":"Discover the handcrafted 12-string kannel with wing, an iconic Estonian folk instrument made from black alder, ash, or spruce, offering rich tones and traditional craftsmanship","breadcrumb":{"@id":"https:\/\/mihkelsoon.com\/en\/toode\/12-stringed-kannel-with-wing\/#breadcrumb"},"inLanguage":"en-US","potentialAction":[{"@type":"ReadAction","target":["https:\/\/mihkelsoon.com\/en\/toode\/12-stringed-kannel-with-wing\/"]}]},{"@type":"ImageObject","inLanguage":"en-US","@id":"https:\/\/mihkelsoon.com\/en\/toode\/12-stringed-kannel-with-wing\/#primaryimage","url":"https:\/\/mihkelsoon.com\/wp-content\/uploads\/2024\/01\/12D-labaga-kannel-kaheksakand-tume-kuusk-1.png","contentUrl":"https:\/\/mihkelsoon.com\/wp-content\/uploads\/2024\/01\/12D-labaga-kannel-kaheksakand-tume-kuusk-1.png","width":2000,"height":1333,"caption":"seto labaga 12-keelne kannel"},{"@type":"BreadcrumbList","@id":"https:\/\/mihkelsoon.com\/en\/toode\/12-stringed-kannel-with-wing\/#breadcrumb","itemListElement":[{"@type":"ListItem","position":1,"name":"Home","item":"https:\/\/mihkelsoon.com\/"},{"@type":"ListItem","position":2,"name":"Tooted","item":"https:\/\/mihkelsoon.com\/shop\/"},{"@type":"ListItem","position":3,"name":"12-stringed kannel with wing"}]},{"@type":"WebSite","@id":"https:\/\/mihkelsoon.com\/#website","url":"https:\/\/mihkelsoon.com\/","name":"Pillimeister Mihkel Soon","description":"V\u00e4ikekannelde ja hiiu-rootsi kannelde m\u00fc\u00fck, tellimust\u00f6\u00f6na valmistamine ja remont.","publisher":{"@id":"https:\/\/mihkelsoon.com\/#organization"},"potentialAction":[{"@type":"SearchAction","target":{"@type":"EntryPoint","urlTemplate":"https:\/\/mihkelsoon.com\/?s={search_term_string}"},"query-input":{"@type":"PropertyValueSpecification","valueRequired":true,"valueName":"search_term_string"}}],"inLanguage":"en-US"},{"@type":"Organization","@id":"https:\/\/mihkelsoon.com\/#organization","name":"Pillimeister Mihkel Soon O\u00dc","url":"https:\/\/mihkelsoon.com\/","logo":{"@type":"ImageObject","inLanguage":"en-US","@id":"https:\/\/mihkelsoon.com\/#\/schema\/logo\/image\/","url":"https:\/\/mihkelsoon.com\/wp-content\/uploads\/2023\/04\/Mihkel-Soon-logo-500x500-500-\u00d7-200-px.svg","contentUrl":"https:\/\/mihkelsoon.com\/wp-content\/uploads\/2023\/04\/Mihkel-Soon-logo-500x500-500-\u00d7-200-px.svg","width":500,"height":200,"caption":"Pillimeister Mihkel Soon O\u00dc"},"image":{"@id":"https:\/\/mihkelsoon.com\/#\/schema\/logo\/image\/"},"sameAs":["https:\/\/www.facebook.com\/kandlemeister"]}]}},"_links":{"self":[{"href":"https:\/\/mihkelsoon.com\/en\/wp-json\/wp\/v2\/product\/2675","targetHints":{"allow":["GET"]}}],"collection":[{"href":"https:\/\/mihkelsoon.com\/en\/wp-json\/wp\/v2\/product"}],"about":[{"href":"https:\/\/mihkelsoon.com\/en\/wp-json\/wp\/v2\/types\/product"}],"wp:featuredmedia":[{"embeddable":true,"href":"https:\/\/mihkelsoon.com\/en\/wp-json\/wp\/v2\/media\/4271"}],"wp:attachment":[{"href":"https:\/\/mihkelsoon.com\/en\/wp-json\/wp\/v2\/media?parent=2675"}],"wp:term":[{"taxonomy":"product_brand","embeddable":true,"href":"https:\/\/mihkelsoon.com\/en\/wp-json\/wp\/v2\/product_brand?post=2675"},{"taxonomy":"product_cat","embeddable":true,"href":"https:\/\/mihkelsoon.com\/en\/wp-json\/wp\/v2\/product_cat?post=2675"},{"taxonomy":"product_tag","embeddable":true,"href":"https:\/\/mihkelsoon.com\/en\/wp-json\/wp\/v2\/product_tag?post=2675"}],"curies":[{"name":"wp","href":"https:\/\/api.w.org\/{rel}","templated":true}]}}