{"id":2619,"date":"2023-04-17T12:36:36","date_gmt":"2023-04-17T12:36:36","guid":{"rendered":"http:\/\/mihkelsoon.com\/toode\/lamont-harp\/"},"modified":"2024-10-21T12:29:02","modified_gmt":"2024-10-21T12:29:02","slug":"lamont-harp","status":"publish","type":"product","link":"https:\/\/mihkelsoon.com\/en\/toode\/lamont-harp\/","title":{"rendered":"Lamont harp"},"content":{"rendered":"<h3 class=\"western\"><b>Lamont Harp: A Handcrafted Medieval Gaelic Wire-Strung Harp<\/b><\/h3>\n<p>The Lamont Harp is a stunning interpretation of one of Scotland\u2019s most famous and historically significant Gaelic wire-strung harps. Dating back to the 15th century, the original Lamont Harp, also known as the Cl\u00e0rsach Lumanach, is preserved in the National Museum of Scotland and stands as a symbol of Scotland\u2019s rich musical heritage. This harp was passed down through the noble Robertson family of Lude and is one of the few surviving medieval Gaelic harps, alongside the Queen Mary Harp and the Trinity College Harp.<\/p>\n<p>While this modern harp is not an exact replica of the original instrument in the museum, it represents an improved version of the same design. Due to the original harp being damaged in several places, this reconstruction incorporates thoughtful modifications to prevent similar breakages, ensuring a stronger, more durable instrument. Despite these enhancements, the harp captures the essence of the original. While historical evidence suggests that the original instrument was most likely strung with gold for its unparalleled resonance and richness of tone, this modern version uses brass and silver strings as an affordable alternative that still delivers excellent sound quality. Although brass and silver offer a bright, clear tone with rich overtones, the finest tonal qualities can still only be fully realized with gold strings, which remain the ideal for those seeking the most authentic sound experience. The harp&#8217;s hollowed-out soundbox, carved from a single block of wood, allows for powerful projection and deep resonance, offering the full, sonorous sound musicians expect from a Gaelic wire-strung harp. The tenon mortise frame construction of the original is faithfully replicated in this version, ensuring an authentic recreation of the instrument\u2019s tone.<\/p>\n<p>Crafted using traditional techniques, the harp\u2019s mortised joints are designed to withstand the tension of the strings without the use of modern adhesives. This construction method not only enhances the harp\u2019s durability but also honors the ancient methods used by harp-makers hundreds of years ago. The harp is adorned with brass fittings, carefully designed to replicate the original&#8217;s intricate metalwork, which was celebrated for its craftsmanship.<\/p>\n<p>The Lamont Harp is perfect for traditional musicians and historical music enthusiasts seeking an instrument that evokes the sound and spirit of medieval Gaelic music. Whether for performance, study, or personal enjoyment, this harp offers an opportunity to engage with the rich cultural history of Scotland and Ireland. It is a powerful and evocative instrument, just as relevant today as it was in the royal courts and gatherings of centuries past.<\/p>\n<p>&nbsp;<\/p>\n","protected":false},"excerpt":{"rendered":"<p>Lamont Harp: A Handcrafted Medieval Gaelic Wire-Strung Harp The Lamont Harp is a stunning interpretation of one of Scotland\u2019s most famous and historically significant Gaelic wire-strung harps. Dating back to the 15th century, the original Lamont Harp, also known as the Cl\u00e0rsach Lumanach, is preserved in the National Museum of Scotland and stands as a [&hellip;]<\/p>\n","protected":false},"featured_media":4280,"template":"","meta":{"inline_featured_image":false,"site-sidebar-layout":"default","site-content-layout":"default","ast-site-content-layout":"default","site-content-style":"default","site-sidebar-style":"default","ast-global-header-display":"","ast-banner-title-visibility":"","ast-main-header-display":"","ast-hfb-above-header-display":"","ast-hfb-below-header-display":"","ast-hfb-mobile-header-display":"","site-post-title":"","ast-breadcrumbs-content":"","ast-featured-img":"","footer-sml-layout":"","theme-transparent-header-meta":"default","adv-header-id-meta":"","stick-header-meta":"default","header-above-stick-meta":"","header-main-stick-meta":"","header-below-stick-meta":"","astra-migrate-meta-layouts":"default","ast-page-background-enabled":"default","ast-page-background-meta":{"desktop":{"background-color":"","background-image":"","background-repeat":"repeat","background-position":"center center","background-size":"auto","background-attachment":"scroll","background-type":"","background-media":"","overlay-type":"","overlay-color":"","overlay-opacity":"","overlay-gradient":""},"tablet":{"background-color":"","background-image":"","background-repeat":"repeat","background-position":"center center","background-size":"auto","background-attachment":"scroll","background-type":"","background-media":"","overlay-type":"","overlay-color":"","overlay-opacity":"","overlay-gradient":""},"mobile":{"background-color":"","background-image":"","background-repeat":"repeat","background-position":"center center","background-size":"auto","background-attachment":"scroll","background-type":"","background-media":"","overlay-type":"","overlay-color":"","overlay-opacity":"","overlay-gradient":""}},"ast-content-background-meta":{"desktop":{"background-color":"var(--ast-global-color-5)","background-image":"","background-repeat":"repeat","background-position":"center center","background-size":"auto","background-attachment":"scroll","background-type":"","background-media":"","overlay-type":"","overlay-color":"","overlay-opacity":"","overlay-gradient":""},"tablet":{"background-color":"var(--ast-global-color-5)","background-image":"","background-repeat":"repeat","background-position":"center center","background-size":"auto","background-attachment":"scroll","background-type":"","background-media":"","overlay-type":"","overlay-color":"","overlay-opacity":"","overlay-gradient":""},"mobile":{"background-color":"var(--ast-global-color-5)","background-image":"","background-repeat":"repeat","background-position":"center center","background-size":"auto","background-attachment":"scroll","background-type":"","background-media":"","overlay-type":"","overlay-color":"","overlay-opacity":"","overlay-gradient":""}}},"product_brand":[],"product_cat":[111],"product_tag":[],"class_list":{"0":"post-2619","1":"product","2":"type-product","3":"status-publish","4":"has-post-thumbnail","6":"product_cat-gaelic-harps","7":"product_shipping_class-harp-en","8":"desktop-align-left","9":"tablet-align-left","10":"mobile-align-left","11":"ast-product-gallery-layout-horizontal-slider","12":"ast-product-single-variable","14":"first","15":"onbackorder","16":"taxable","17":"shipping-taxable","18":"purchasable","19":"product-type-variable"},"yoast_head":"<!-- This site is optimized with the Yoast SEO plugin v27.4 - https:\/\/yoast.com\/product\/yoast-seo-wordpress\/ -->\n<title>Lamont harp - Pillimeister Mihkel Soon<\/title>\n<meta name=\"description\" content=\"Discover the Lamont Harp, a 32-string handcrafted Gaelic wire-strung harp reproduction. Made with traditional techniques, it delivers a rich, authentic Scottish sound.\" \/>\n<meta name=\"robots\" content=\"index, follow, max-snippet:-1, max-image-preview:large, max-video-preview:-1\" \/>\n<link rel=\"canonical\" href=\"https:\/\/mihkelsoon.com\/en\/toode\/lamont-harp\/\" \/>\n<meta property=\"og:locale\" content=\"en_US\" \/>\n<meta property=\"og:type\" content=\"article\" \/>\n<meta property=\"og:title\" content=\"Lamont harp - Pillimeister Mihkel Soon\" \/>\n<meta property=\"og:description\" content=\"Discover the Lamont Harp, a 32-string handcrafted Gaelic wire-strung harp reproduction. Made with traditional techniques, it delivers a rich, authentic Scottish sound.\" \/>\n<meta property=\"og:url\" content=\"https:\/\/mihkelsoon.com\/en\/toode\/lamont-harp\/\" \/>\n<meta property=\"og:site_name\" content=\"Pillimeister Mihkel Soon\" \/>\n<meta property=\"article:publisher\" content=\"https:\/\/www.facebook.com\/kandlemeister\" \/>\n<meta property=\"article:modified_time\" content=\"2024-10-21T12:29:02+00:00\" \/>\n<meta property=\"og:image\" content=\"https:\/\/mihkelsoon.com\/wp-content\/uploads\/2024\/01\/Lamont-harp-Mihkel-Soon-1-1024x682.png\" \/>\n\t<meta property=\"og:image:width\" content=\"1024\" \/>\n\t<meta property=\"og:image:height\" content=\"682\" \/>\n\t<meta property=\"og:image:type\" content=\"image\/png\" \/>\n<meta name=\"twitter:card\" content=\"summary_large_image\" \/>\n<meta name=\"twitter:label1\" content=\"Est. reading time\" \/>\n\t<meta name=\"twitter:data1\" content=\"2 minutes\" \/>\n<script type=\"application\/ld+json\" class=\"yoast-schema-graph\">{\"@context\":\"https:\\\/\\\/schema.org\",\"@graph\":[{\"@type\":\"WebPage\",\"@id\":\"https:\\\/\\\/mihkelsoon.com\\\/en\\\/toode\\\/lamont-harp\\\/\",\"url\":\"https:\\\/\\\/mihkelsoon.com\\\/en\\\/toode\\\/lamont-harp\\\/\",\"name\":\"Lamont harp - Pillimeister Mihkel Soon\",\"isPartOf\":{\"@id\":\"https:\\\/\\\/mihkelsoon.com\\\/#website\"},\"primaryImageOfPage\":{\"@id\":\"https:\\\/\\\/mihkelsoon.com\\\/en\\\/toode\\\/lamont-harp\\\/#primaryimage\"},\"image\":{\"@id\":\"https:\\\/\\\/mihkelsoon.com\\\/en\\\/toode\\\/lamont-harp\\\/#primaryimage\"},\"thumbnailUrl\":\"https:\\\/\\\/mihkelsoon.com\\\/wp-content\\\/uploads\\\/2024\\\/01\\\/Lamont-harp-Mihkel-Soon-1.png\",\"datePublished\":\"2023-04-17T12:36:36+00:00\",\"dateModified\":\"2024-10-21T12:29:02+00:00\",\"description\":\"Discover the Lamont Harp, a 32-string handcrafted Gaelic wire-strung harp reproduction. Made with traditional techniques, it delivers a rich, authentic Scottish sound.\",\"breadcrumb\":{\"@id\":\"https:\\\/\\\/mihkelsoon.com\\\/en\\\/toode\\\/lamont-harp\\\/#breadcrumb\"},\"inLanguage\":\"en-US\",\"potentialAction\":[{\"@type\":\"ReadAction\",\"target\":[\"https:\\\/\\\/mihkelsoon.com\\\/en\\\/toode\\\/lamont-harp\\\/\"]}]},{\"@type\":\"ImageObject\",\"inLanguage\":\"en-US\",\"@id\":\"https:\\\/\\\/mihkelsoon.com\\\/en\\\/toode\\\/lamont-harp\\\/#primaryimage\",\"url\":\"https:\\\/\\\/mihkelsoon.com\\\/wp-content\\\/uploads\\\/2024\\\/01\\\/Lamont-harp-Mihkel-Soon-1.png\",\"contentUrl\":\"https:\\\/\\\/mihkelsoon.com\\\/wp-content\\\/uploads\\\/2024\\\/01\\\/Lamont-harp-Mihkel-Soon-1.png\",\"width\":2000,\"height\":1333,\"caption\":\"Early Galic wirestrung harp improved replica\"},{\"@type\":\"BreadcrumbList\",\"@id\":\"https:\\\/\\\/mihkelsoon.com\\\/en\\\/toode\\\/lamont-harp\\\/#breadcrumb\",\"itemListElement\":[{\"@type\":\"ListItem\",\"position\":1,\"name\":\"Home\",\"item\":\"https:\\\/\\\/mihkelsoon.com\\\/\"},{\"@type\":\"ListItem\",\"position\":2,\"name\":\"Tooted\",\"item\":\"https:\\\/\\\/mihkelsoon.com\\\/shop\\\/\"},{\"@type\":\"ListItem\",\"position\":3,\"name\":\"Lamont harp\"}]},{\"@type\":\"WebSite\",\"@id\":\"https:\\\/\\\/mihkelsoon.com\\\/#website\",\"url\":\"https:\\\/\\\/mihkelsoon.com\\\/\",\"name\":\"Pillimeister Mihkel Soon\",\"description\":\"V\u00e4ikekannelde ja hiiu-rootsi kannelde m\u00fc\u00fck, tellimust\u00f6\u00f6na valmistamine ja remont.\",\"publisher\":{\"@id\":\"https:\\\/\\\/mihkelsoon.com\\\/#organization\"},\"potentialAction\":[{\"@type\":\"SearchAction\",\"target\":{\"@type\":\"EntryPoint\",\"urlTemplate\":\"https:\\\/\\\/mihkelsoon.com\\\/?s={search_term_string}\"},\"query-input\":{\"@type\":\"PropertyValueSpecification\",\"valueRequired\":true,\"valueName\":\"search_term_string\"}}],\"inLanguage\":\"en-US\"},{\"@type\":\"Organization\",\"@id\":\"https:\\\/\\\/mihkelsoon.com\\\/#organization\",\"name\":\"Pillimeister Mihkel Soon O\u00dc\",\"url\":\"https:\\\/\\\/mihkelsoon.com\\\/\",\"logo\":{\"@type\":\"ImageObject\",\"inLanguage\":\"en-US\",\"@id\":\"https:\\\/\\\/mihkelsoon.com\\\/#\\\/schema\\\/logo\\\/image\\\/\",\"url\":\"https:\\\/\\\/mihkelsoon.com\\\/wp-content\\\/uploads\\\/2023\\\/04\\\/Mihkel-Soon-logo-500x500-500-\u00d7-200-px.svg\",\"contentUrl\":\"https:\\\/\\\/mihkelsoon.com\\\/wp-content\\\/uploads\\\/2023\\\/04\\\/Mihkel-Soon-logo-500x500-500-\u00d7-200-px.svg\",\"width\":500,\"height\":200,\"caption\":\"Pillimeister Mihkel Soon O\u00dc\"},\"image\":{\"@id\":\"https:\\\/\\\/mihkelsoon.com\\\/#\\\/schema\\\/logo\\\/image\\\/\"},\"sameAs\":[\"https:\\\/\\\/www.facebook.com\\\/kandlemeister\"]}]}<\/script>\n<!-- \/ Yoast SEO plugin. -->","yoast_head_json":{"title":"Lamont harp - Pillimeister Mihkel Soon","description":"Discover the Lamont Harp, a 32-string handcrafted Gaelic wire-strung harp reproduction. Made with traditional techniques, it delivers a rich, authentic Scottish sound.","robots":{"index":"index","follow":"follow","max-snippet":"max-snippet:-1","max-image-preview":"max-image-preview:large","max-video-preview":"max-video-preview:-1"},"canonical":"https:\/\/mihkelsoon.com\/en\/toode\/lamont-harp\/","og_locale":"en_US","og_type":"article","og_title":"Lamont harp - Pillimeister Mihkel Soon","og_description":"Discover the Lamont Harp, a 32-string handcrafted Gaelic wire-strung harp reproduction. Made with traditional techniques, it delivers a rich, authentic Scottish sound.","og_url":"https:\/\/mihkelsoon.com\/en\/toode\/lamont-harp\/","og_site_name":"Pillimeister Mihkel Soon","article_publisher":"https:\/\/www.facebook.com\/kandlemeister","article_modified_time":"2024-10-21T12:29:02+00:00","og_image":[{"width":1024,"height":682,"url":"https:\/\/mihkelsoon.com\/wp-content\/uploads\/2024\/01\/Lamont-harp-Mihkel-Soon-1-1024x682.png","type":"image\/png"}],"twitter_card":"summary_large_image","twitter_misc":{"Est. reading time":"2 minutes"},"schema":{"@context":"https:\/\/schema.org","@graph":[{"@type":"WebPage","@id":"https:\/\/mihkelsoon.com\/en\/toode\/lamont-harp\/","url":"https:\/\/mihkelsoon.com\/en\/toode\/lamont-harp\/","name":"Lamont harp - Pillimeister Mihkel Soon","isPartOf":{"@id":"https:\/\/mihkelsoon.com\/#website"},"primaryImageOfPage":{"@id":"https:\/\/mihkelsoon.com\/en\/toode\/lamont-harp\/#primaryimage"},"image":{"@id":"https:\/\/mihkelsoon.com\/en\/toode\/lamont-harp\/#primaryimage"},"thumbnailUrl":"https:\/\/mihkelsoon.com\/wp-content\/uploads\/2024\/01\/Lamont-harp-Mihkel-Soon-1.png","datePublished":"2023-04-17T12:36:36+00:00","dateModified":"2024-10-21T12:29:02+00:00","description":"Discover the Lamont Harp, a 32-string handcrafted Gaelic wire-strung harp reproduction. Made with traditional techniques, it delivers a rich, authentic Scottish sound.","breadcrumb":{"@id":"https:\/\/mihkelsoon.com\/en\/toode\/lamont-harp\/#breadcrumb"},"inLanguage":"en-US","potentialAction":[{"@type":"ReadAction","target":["https:\/\/mihkelsoon.com\/en\/toode\/lamont-harp\/"]}]},{"@type":"ImageObject","inLanguage":"en-US","@id":"https:\/\/mihkelsoon.com\/en\/toode\/lamont-harp\/#primaryimage","url":"https:\/\/mihkelsoon.com\/wp-content\/uploads\/2024\/01\/Lamont-harp-Mihkel-Soon-1.png","contentUrl":"https:\/\/mihkelsoon.com\/wp-content\/uploads\/2024\/01\/Lamont-harp-Mihkel-Soon-1.png","width":2000,"height":1333,"caption":"Early Galic wirestrung harp improved replica"},{"@type":"BreadcrumbList","@id":"https:\/\/mihkelsoon.com\/en\/toode\/lamont-harp\/#breadcrumb","itemListElement":[{"@type":"ListItem","position":1,"name":"Home","item":"https:\/\/mihkelsoon.com\/"},{"@type":"ListItem","position":2,"name":"Tooted","item":"https:\/\/mihkelsoon.com\/shop\/"},{"@type":"ListItem","position":3,"name":"Lamont harp"}]},{"@type":"WebSite","@id":"https:\/\/mihkelsoon.com\/#website","url":"https:\/\/mihkelsoon.com\/","name":"Pillimeister Mihkel Soon","description":"V\u00e4ikekannelde ja hiiu-rootsi kannelde m\u00fc\u00fck, tellimust\u00f6\u00f6na valmistamine ja remont.","publisher":{"@id":"https:\/\/mihkelsoon.com\/#organization"},"potentialAction":[{"@type":"SearchAction","target":{"@type":"EntryPoint","urlTemplate":"https:\/\/mihkelsoon.com\/?s={search_term_string}"},"query-input":{"@type":"PropertyValueSpecification","valueRequired":true,"valueName":"search_term_string"}}],"inLanguage":"en-US"},{"@type":"Organization","@id":"https:\/\/mihkelsoon.com\/#organization","name":"Pillimeister Mihkel Soon O\u00dc","url":"https:\/\/mihkelsoon.com\/","logo":{"@type":"ImageObject","inLanguage":"en-US","@id":"https:\/\/mihkelsoon.com\/#\/schema\/logo\/image\/","url":"https:\/\/mihkelsoon.com\/wp-content\/uploads\/2023\/04\/Mihkel-Soon-logo-500x500-500-\u00d7-200-px.svg","contentUrl":"https:\/\/mihkelsoon.com\/wp-content\/uploads\/2023\/04\/Mihkel-Soon-logo-500x500-500-\u00d7-200-px.svg","width":500,"height":200,"caption":"Pillimeister Mihkel Soon O\u00dc"},"image":{"@id":"https:\/\/mihkelsoon.com\/#\/schema\/logo\/image\/"},"sameAs":["https:\/\/www.facebook.com\/kandlemeister"]}]}},"_links":{"self":[{"href":"https:\/\/mihkelsoon.com\/en\/wp-json\/wp\/v2\/product\/2619","targetHints":{"allow":["GET"]}}],"collection":[{"href":"https:\/\/mihkelsoon.com\/en\/wp-json\/wp\/v2\/product"}],"about":[{"href":"https:\/\/mihkelsoon.com\/en\/wp-json\/wp\/v2\/types\/product"}],"wp:featuredmedia":[{"embeddable":true,"href":"https:\/\/mihkelsoon.com\/en\/wp-json\/wp\/v2\/media\/4280"}],"wp:attachment":[{"href":"https:\/\/mihkelsoon.com\/en\/wp-json\/wp\/v2\/media?parent=2619"}],"wp:term":[{"taxonomy":"product_brand","embeddable":true,"href":"https:\/\/mihkelsoon.com\/en\/wp-json\/wp\/v2\/product_brand?post=2619"},{"taxonomy":"product_cat","embeddable":true,"href":"https:\/\/mihkelsoon.com\/en\/wp-json\/wp\/v2\/product_cat?post=2619"},{"taxonomy":"product_tag","embeddable":true,"href":"https:\/\/mihkelsoon.com\/en\/wp-json\/wp\/v2\/product_tag?post=2619"}],"curies":[{"name":"wp","href":"https:\/\/api.w.org\/{rel}","templated":true}]}}