{"id":2568,"date":"2021-05-03T08:33:08","date_gmt":"2021-05-03T08:33:08","guid":{"rendered":"http:\/\/mihkelsoon.com\/toode\/6-stringed-kannel6-stringed-kannel\/"},"modified":"2024-10-16T06:17:41","modified_gmt":"2024-10-16T06:17:41","slug":"6-string-kannel","status":"publish","type":"product","link":"https:\/\/mihkelsoon.com\/en\/toode\/6-string-kannel\/","title":{"rendered":"6 string kannel"},"content":{"rendered":"<h3 class=\"western\">6-String Kannel: A Traditional Estonian Folk Instrument<\/h3>\n<p class=\"western\">The 6-string kannel is one of the oldest and most significant instruments in Estonian folk music. It remains a beloved choice for both experienced musicians and those new to traditional music. This instrument, handcrafted from carefully selected Estonian black alder, ash, or spruce, produces a rich sound that is deeply connected to Estonia&#8217;s cultural heritage. The kannel has even been mentioned in the first line of the Estonian national epic and commemorated on a postage stamp.<\/p>\n<p class=\"western\">Each kannel is made using traditional methods, with the body carved from a single block of wood. The \u201c<em>kolju<\/em>\u201d (a raised part under the player&#8217;s right hand where the tuning peg for the strings is attached) is also carved from the same piece of wood. The soundboard, made from high-quality spruce sourced from the Alps or Carpathian Mountains, enhances the instrument\u2019s tone and resonance. It is finished with sharp, hand-held tools to achieve a smooth surface, reflecting respect for the old craftsmanship traditions when sanding techniques were less common, and instruments were entirely handmade using household tools. The soundholes are patterned after historical instruments kept in museums and arranged to optimize resonance.<\/p>\n<p class=\"western\">The 6-string kannel produces a deep, rich tone with complex overtones, thanks to its unique construction. A single plucked string vibrates through the bridge, setting off sympathetic vibrations in the other strings, creating a broad spectrum of sound. This characteristic is particularly associated with the traditional Estonian kannel.<\/p>\n<p class=\"western\">Historically, the kannel has been a part of Estonian folk music for over a thousand years. Similar instruments can be found in neighboring countries, such as the kokles in Latvia, the kankl\u0117s in Lithuania, and the gusli in Russia. While often referred to as a Baltic psaltery or zither in English, these terms can be misleading, as they refer to different types of instruments with similar but distinct characteristics.<\/p>\n<p class=\"western\">\n","protected":false},"excerpt":{"rendered":"<div dir=\"auto\">D major: D4 &#8211; E4 &#8211; #F4 &#8211; G4 &#8211; A4 &#8211; B4<\/div>\n<div dir=\"auto\">5 mm nickel coated steel tuning pins<\/div>\n<div>Steel strings<\/div>\n<div>Instruments body hollowed of a single piece of wood: spruce, ash or black alder<\/div>\n<div>Belly made of radially cut spruce<\/div>\n<div dir=\"auto\">Surface smoothed with sharp handcraft tools<\/div>\n<div dir=\"auto\">Finished with natural oils based varnishes<\/div>\n<div dir=\"auto\">Tuning wrench and spare strings included<\/div>\n","protected":false},"featured_media":4103,"template":"","meta":{"inline_featured_image":false,"site-sidebar-layout":"default","site-content-layout":"default","ast-site-content-layout":"default","site-content-style":"default","site-sidebar-style":"default","ast-global-header-display":"","ast-banner-title-visibility":"","ast-main-header-display":"","ast-hfb-above-header-display":"","ast-hfb-below-header-display":"","ast-hfb-mobile-header-display":"","site-post-title":"","ast-breadcrumbs-content":"","ast-featured-img":"","footer-sml-layout":"","theme-transparent-header-meta":"default","adv-header-id-meta":"","stick-header-meta":"default","header-above-stick-meta":"","header-main-stick-meta":"","header-below-stick-meta":"","astra-migrate-meta-layouts":"default","ast-page-background-enabled":"default","ast-page-background-meta":{"desktop":{"background-color":"","background-image":"","background-repeat":"repeat","background-position":"center center","background-size":"auto","background-attachment":"scroll","background-type":"","background-media":"","overlay-type":"","overlay-color":"","overlay-opacity":"","overlay-gradient":""},"tablet":{"background-color":"","background-image":"","background-repeat":"repeat","background-position":"center center","background-size":"auto","background-attachment":"scroll","background-type":"","background-media":"","overlay-type":"","overlay-color":"","overlay-opacity":"","overlay-gradient":""},"mobile":{"background-color":"","background-image":"","background-repeat":"repeat","background-position":"center center","background-size":"auto","background-attachment":"scroll","background-type":"","background-media":"","overlay-type":"","overlay-color":"","overlay-opacity":"","overlay-gradient":""}},"ast-content-background-meta":{"desktop":{"background-color":"var(--ast-global-color-5)","background-image":"","background-repeat":"repeat","background-position":"center center","background-size":"auto","background-attachment":"scroll","background-type":"","background-media":"","overlay-type":"","overlay-color":"","overlay-opacity":"","overlay-gradient":""},"tablet":{"background-color":"var(--ast-global-color-5)","background-image":"","background-repeat":"repeat","background-position":"center center","background-size":"auto","background-attachment":"scroll","background-type":"","background-media":"","overlay-type":"","overlay-color":"","overlay-opacity":"","overlay-gradient":""},"mobile":{"background-color":"var(--ast-global-color-5)","background-image":"","background-repeat":"repeat","background-position":"center center","background-size":"auto","background-attachment":"scroll","background-type":"","background-media":"","overlay-type":"","overlay-color":"","overlay-opacity":"","overlay-gradient":""}}},"product_brand":[],"product_cat":[121],"product_tag":[],"class_list":{"0":"post-2568","1":"product","2":"type-product","3":"status-publish","4":"has-post-thumbnail","6":"product_cat-kannels","7":"product_shipping_class-kannel-en","8":"desktop-align-left","9":"tablet-align-left","10":"mobile-align-left","11":"ast-product-gallery-layout-horizontal-slider","12":"ast-product-single-variable","14":"first","15":"instock","16":"taxable","17":"shipping-taxable","18":"purchasable","19":"product-type-variable"},"yoast_head":"<!-- This site is optimized with the Yoast SEO plugin v27.4 - https:\/\/yoast.com\/product\/yoast-seo-wordpress\/ -->\n<title>6 string kannel - Pillimeister Mihkel Soon<\/title>\n<meta name=\"description\" content=\"Discover the handcrafted 6-string kannel, an iconic Estonian folk instrument made from locally sourced black alder, ash, or spruce. With its deep, rich tones and traditional craftsmanship, this kannel reflects Estonia&#039;s rich cultural heritage and delivers an authentic musical experience\" \/>\n<meta name=\"robots\" content=\"index, follow, max-snippet:-1, max-image-preview:large, max-video-preview:-1\" \/>\n<link rel=\"canonical\" href=\"https:\/\/mihkelsoon.com\/en\/toode\/6-string-kannel\/\" \/>\n<meta property=\"og:locale\" content=\"en_US\" \/>\n<meta property=\"og:type\" content=\"article\" \/>\n<meta property=\"og:title\" content=\"6 string kannel - Pillimeister Mihkel Soon\" \/>\n<meta property=\"og:description\" content=\"Discover the handcrafted 6-string kannel, an iconic Estonian folk instrument made from locally sourced black alder, ash, or spruce. With its deep, rich tones and traditional craftsmanship, this kannel reflects Estonia&#039;s rich cultural heritage and delivers an authentic musical experience\" \/>\n<meta property=\"og:url\" content=\"https:\/\/mihkelsoon.com\/en\/toode\/6-string-kannel\/\" \/>\n<meta property=\"og:site_name\" content=\"Pillimeister Mihkel Soon\" \/>\n<meta property=\"article:publisher\" content=\"https:\/\/www.facebook.com\/kandlemeister\" \/>\n<meta property=\"article:modified_time\" content=\"2024-10-16T06:17:41+00:00\" \/>\n<meta property=\"og:image\" content=\"https:\/\/mihkelsoon.com\/wp-content\/uploads\/2024\/01\/6D-kannel-kaheksakand-tume-kuuusk-5.png\" \/>\n\t<meta property=\"og:image:width\" content=\"2000\" \/>\n\t<meta property=\"og:image:height\" content=\"1333\" \/>\n\t<meta property=\"og:image:type\" content=\"image\/png\" \/>\n<meta name=\"twitter:card\" content=\"summary_large_image\" \/>\n<meta name=\"twitter:label1\" content=\"Est. reading time\" \/>\n\t<meta name=\"twitter:data1\" content=\"2 minutes\" \/>\n<script type=\"application\/ld+json\" class=\"yoast-schema-graph\">{\"@context\":\"https:\\\/\\\/schema.org\",\"@graph\":[{\"@type\":\"WebPage\",\"@id\":\"https:\\\/\\\/mihkelsoon.com\\\/en\\\/toode\\\/6-string-kannel\\\/\",\"url\":\"https:\\\/\\\/mihkelsoon.com\\\/en\\\/toode\\\/6-string-kannel\\\/\",\"name\":\"6 string kannel - Pillimeister Mihkel Soon\",\"isPartOf\":{\"@id\":\"https:\\\/\\\/mihkelsoon.com\\\/#website\"},\"primaryImageOfPage\":{\"@id\":\"https:\\\/\\\/mihkelsoon.com\\\/en\\\/toode\\\/6-string-kannel\\\/#primaryimage\"},\"image\":{\"@id\":\"https:\\\/\\\/mihkelsoon.com\\\/en\\\/toode\\\/6-string-kannel\\\/#primaryimage\"},\"thumbnailUrl\":\"https:\\\/\\\/mihkelsoon.com\\\/wp-content\\\/uploads\\\/2024\\\/01\\\/6D-kannel-kaheksakand-tume-kuuusk-5.png\",\"datePublished\":\"2021-05-03T08:33:08+00:00\",\"dateModified\":\"2024-10-16T06:17:41+00:00\",\"description\":\"Discover the handcrafted 6-string kannel, an iconic Estonian folk instrument made from locally sourced black alder, ash, or spruce. With its deep, rich tones and traditional craftsmanship, this kannel reflects Estonia's rich cultural heritage and delivers an authentic musical experience\",\"breadcrumb\":{\"@id\":\"https:\\\/\\\/mihkelsoon.com\\\/en\\\/toode\\\/6-string-kannel\\\/#breadcrumb\"},\"inLanguage\":\"en-US\",\"potentialAction\":[{\"@type\":\"ReadAction\",\"target\":[\"https:\\\/\\\/mihkelsoon.com\\\/en\\\/toode\\\/6-string-kannel\\\/\"]}]},{\"@type\":\"ImageObject\",\"inLanguage\":\"en-US\",\"@id\":\"https:\\\/\\\/mihkelsoon.com\\\/en\\\/toode\\\/6-string-kannel\\\/#primaryimage\",\"url\":\"https:\\\/\\\/mihkelsoon.com\\\/wp-content\\\/uploads\\\/2024\\\/01\\\/6D-kannel-kaheksakand-tume-kuuusk-5.png\",\"contentUrl\":\"https:\\\/\\\/mihkelsoon.com\\\/wp-content\\\/uploads\\\/2024\\\/01\\\/6D-kannel-kaheksakand-tume-kuuusk-5.png\",\"width\":2000,\"height\":1333,\"caption\":\"Estonian folk instrument 6 string kannel\"},{\"@type\":\"BreadcrumbList\",\"@id\":\"https:\\\/\\\/mihkelsoon.com\\\/en\\\/toode\\\/6-string-kannel\\\/#breadcrumb\",\"itemListElement\":[{\"@type\":\"ListItem\",\"position\":1,\"name\":\"Home\",\"item\":\"https:\\\/\\\/mihkelsoon.com\\\/\"},{\"@type\":\"ListItem\",\"position\":2,\"name\":\"Tooted\",\"item\":\"https:\\\/\\\/mihkelsoon.com\\\/shop\\\/\"},{\"@type\":\"ListItem\",\"position\":3,\"name\":\"6 string kannel\"}]},{\"@type\":\"WebSite\",\"@id\":\"https:\\\/\\\/mihkelsoon.com\\\/#website\",\"url\":\"https:\\\/\\\/mihkelsoon.com\\\/\",\"name\":\"Pillimeister Mihkel Soon\",\"description\":\"V\u00e4ikekannelde ja hiiu-rootsi kannelde m\u00fc\u00fck, tellimust\u00f6\u00f6na valmistamine ja remont.\",\"publisher\":{\"@id\":\"https:\\\/\\\/mihkelsoon.com\\\/#organization\"},\"potentialAction\":[{\"@type\":\"SearchAction\",\"target\":{\"@type\":\"EntryPoint\",\"urlTemplate\":\"https:\\\/\\\/mihkelsoon.com\\\/?s={search_term_string}\"},\"query-input\":{\"@type\":\"PropertyValueSpecification\",\"valueRequired\":true,\"valueName\":\"search_term_string\"}}],\"inLanguage\":\"en-US\"},{\"@type\":\"Organization\",\"@id\":\"https:\\\/\\\/mihkelsoon.com\\\/#organization\",\"name\":\"Pillimeister Mihkel Soon O\u00dc\",\"url\":\"https:\\\/\\\/mihkelsoon.com\\\/\",\"logo\":{\"@type\":\"ImageObject\",\"inLanguage\":\"en-US\",\"@id\":\"https:\\\/\\\/mihkelsoon.com\\\/#\\\/schema\\\/logo\\\/image\\\/\",\"url\":\"https:\\\/\\\/mihkelsoon.com\\\/wp-content\\\/uploads\\\/2023\\\/04\\\/Mihkel-Soon-logo-500x500-500-\u00d7-200-px.svg\",\"contentUrl\":\"https:\\\/\\\/mihkelsoon.com\\\/wp-content\\\/uploads\\\/2023\\\/04\\\/Mihkel-Soon-logo-500x500-500-\u00d7-200-px.svg\",\"width\":500,\"height\":200,\"caption\":\"Pillimeister Mihkel Soon O\u00dc\"},\"image\":{\"@id\":\"https:\\\/\\\/mihkelsoon.com\\\/#\\\/schema\\\/logo\\\/image\\\/\"},\"sameAs\":[\"https:\\\/\\\/www.facebook.com\\\/kandlemeister\"]}]}<\/script>\n<!-- \/ Yoast SEO plugin. -->","yoast_head_json":{"title":"6 string kannel - Pillimeister Mihkel Soon","description":"Discover the handcrafted 6-string kannel, an iconic Estonian folk instrument made from locally sourced black alder, ash, or spruce. With its deep, rich tones and traditional craftsmanship, this kannel reflects Estonia's rich cultural heritage and delivers an authentic musical experience","robots":{"index":"index","follow":"follow","max-snippet":"max-snippet:-1","max-image-preview":"max-image-preview:large","max-video-preview":"max-video-preview:-1"},"canonical":"https:\/\/mihkelsoon.com\/en\/toode\/6-string-kannel\/","og_locale":"en_US","og_type":"article","og_title":"6 string kannel - Pillimeister Mihkel Soon","og_description":"Discover the handcrafted 6-string kannel, an iconic Estonian folk instrument made from locally sourced black alder, ash, or spruce. With its deep, rich tones and traditional craftsmanship, this kannel reflects Estonia's rich cultural heritage and delivers an authentic musical experience","og_url":"https:\/\/mihkelsoon.com\/en\/toode\/6-string-kannel\/","og_site_name":"Pillimeister Mihkel Soon","article_publisher":"https:\/\/www.facebook.com\/kandlemeister","article_modified_time":"2024-10-16T06:17:41+00:00","og_image":[{"width":2000,"height":1333,"url":"https:\/\/mihkelsoon.com\/wp-content\/uploads\/2024\/01\/6D-kannel-kaheksakand-tume-kuuusk-5.png","type":"image\/png"}],"twitter_card":"summary_large_image","twitter_misc":{"Est. reading time":"2 minutes"},"schema":{"@context":"https:\/\/schema.org","@graph":[{"@type":"WebPage","@id":"https:\/\/mihkelsoon.com\/en\/toode\/6-string-kannel\/","url":"https:\/\/mihkelsoon.com\/en\/toode\/6-string-kannel\/","name":"6 string kannel - Pillimeister Mihkel Soon","isPartOf":{"@id":"https:\/\/mihkelsoon.com\/#website"},"primaryImageOfPage":{"@id":"https:\/\/mihkelsoon.com\/en\/toode\/6-string-kannel\/#primaryimage"},"image":{"@id":"https:\/\/mihkelsoon.com\/en\/toode\/6-string-kannel\/#primaryimage"},"thumbnailUrl":"https:\/\/mihkelsoon.com\/wp-content\/uploads\/2024\/01\/6D-kannel-kaheksakand-tume-kuuusk-5.png","datePublished":"2021-05-03T08:33:08+00:00","dateModified":"2024-10-16T06:17:41+00:00","description":"Discover the handcrafted 6-string kannel, an iconic Estonian folk instrument made from locally sourced black alder, ash, or spruce. With its deep, rich tones and traditional craftsmanship, this kannel reflects Estonia's rich cultural heritage and delivers an authentic musical experience","breadcrumb":{"@id":"https:\/\/mihkelsoon.com\/en\/toode\/6-string-kannel\/#breadcrumb"},"inLanguage":"en-US","potentialAction":[{"@type":"ReadAction","target":["https:\/\/mihkelsoon.com\/en\/toode\/6-string-kannel\/"]}]},{"@type":"ImageObject","inLanguage":"en-US","@id":"https:\/\/mihkelsoon.com\/en\/toode\/6-string-kannel\/#primaryimage","url":"https:\/\/mihkelsoon.com\/wp-content\/uploads\/2024\/01\/6D-kannel-kaheksakand-tume-kuuusk-5.png","contentUrl":"https:\/\/mihkelsoon.com\/wp-content\/uploads\/2024\/01\/6D-kannel-kaheksakand-tume-kuuusk-5.png","width":2000,"height":1333,"caption":"Estonian folk instrument 6 string kannel"},{"@type":"BreadcrumbList","@id":"https:\/\/mihkelsoon.com\/en\/toode\/6-string-kannel\/#breadcrumb","itemListElement":[{"@type":"ListItem","position":1,"name":"Home","item":"https:\/\/mihkelsoon.com\/"},{"@type":"ListItem","position":2,"name":"Tooted","item":"https:\/\/mihkelsoon.com\/shop\/"},{"@type":"ListItem","position":3,"name":"6 string kannel"}]},{"@type":"WebSite","@id":"https:\/\/mihkelsoon.com\/#website","url":"https:\/\/mihkelsoon.com\/","name":"Pillimeister Mihkel Soon","description":"V\u00e4ikekannelde ja hiiu-rootsi kannelde m\u00fc\u00fck, tellimust\u00f6\u00f6na valmistamine ja remont.","publisher":{"@id":"https:\/\/mihkelsoon.com\/#organization"},"potentialAction":[{"@type":"SearchAction","target":{"@type":"EntryPoint","urlTemplate":"https:\/\/mihkelsoon.com\/?s={search_term_string}"},"query-input":{"@type":"PropertyValueSpecification","valueRequired":true,"valueName":"search_term_string"}}],"inLanguage":"en-US"},{"@type":"Organization","@id":"https:\/\/mihkelsoon.com\/#organization","name":"Pillimeister Mihkel Soon O\u00dc","url":"https:\/\/mihkelsoon.com\/","logo":{"@type":"ImageObject","inLanguage":"en-US","@id":"https:\/\/mihkelsoon.com\/#\/schema\/logo\/image\/","url":"https:\/\/mihkelsoon.com\/wp-content\/uploads\/2023\/04\/Mihkel-Soon-logo-500x500-500-\u00d7-200-px.svg","contentUrl":"https:\/\/mihkelsoon.com\/wp-content\/uploads\/2023\/04\/Mihkel-Soon-logo-500x500-500-\u00d7-200-px.svg","width":500,"height":200,"caption":"Pillimeister Mihkel Soon O\u00dc"},"image":{"@id":"https:\/\/mihkelsoon.com\/#\/schema\/logo\/image\/"},"sameAs":["https:\/\/www.facebook.com\/kandlemeister"]}]}},"_links":{"self":[{"href":"https:\/\/mihkelsoon.com\/en\/wp-json\/wp\/v2\/product\/2568","targetHints":{"allow":["GET"]}}],"collection":[{"href":"https:\/\/mihkelsoon.com\/en\/wp-json\/wp\/v2\/product"}],"about":[{"href":"https:\/\/mihkelsoon.com\/en\/wp-json\/wp\/v2\/types\/product"}],"wp:featuredmedia":[{"embeddable":true,"href":"https:\/\/mihkelsoon.com\/en\/wp-json\/wp\/v2\/media\/4103"}],"wp:attachment":[{"href":"https:\/\/mihkelsoon.com\/en\/wp-json\/wp\/v2\/media?parent=2568"}],"wp:term":[{"taxonomy":"product_brand","embeddable":true,"href":"https:\/\/mihkelsoon.com\/en\/wp-json\/wp\/v2\/product_brand?post=2568"},{"taxonomy":"product_cat","embeddable":true,"href":"https:\/\/mihkelsoon.com\/en\/wp-json\/wp\/v2\/product_cat?post=2568"},{"taxonomy":"product_tag","embeddable":true,"href":"https:\/\/mihkelsoon.com\/en\/wp-json\/wp\/v2\/product_tag?post=2568"}],"curies":[{"name":"wp","href":"https:\/\/api.w.org\/{rel}","templated":true}]}}