{"id":2523,"date":"2021-05-03T07:30:12","date_gmt":"2021-05-03T07:30:12","guid":{"rendered":"http:\/\/mihkelsoon.com\/shopping-cart-2\/"},"modified":"2023-05-19T07:54:45","modified_gmt":"2023-05-19T07:54:45","slug":"shopping-cart-2","status":"publish","type":"page","link":"https:\/\/mihkelsoon.com\/en\/shopping-cart-2\/","title":{"rendered":"Shopping cart"},"content":{"rendered":"\t\t<div data-elementor-type=\"wp-page\" data-elementor-id=\"2523\" class=\"elementor elementor-2523 elementor-444\" data-elementor-post-type=\"page\">\n\t\t\t\t\t\t<section class=\"elementor-section elementor-top-section elementor-element elementor-element-c42dfb1 elementor-section-full_width elementor-section-height-min-height elementor-section-height-default elementor-section-items-middle\" data-id=\"c42dfb1\" data-element_type=\"section\" data-e-type=\"section\" data-settings=\"{&quot;background_background&quot;:&quot;classic&quot;}\">\n\t\t\t\t\t\t<div class=\"elementor-container elementor-column-gap-no\">\n\t\t\t\t\t<div class=\"elementor-column elementor-col-100 elementor-top-column elementor-element elementor-element-a025518\" data-id=\"a025518\" data-element_type=\"column\" data-e-type=\"column\">\n\t\t\t<div class=\"elementor-widget-wrap elementor-element-populated\">\n\t\t\t\t\t\t<div class=\"elementor-element elementor-element-8b9d3c4 elementor-widget elementor-widget-woocommerce-breadcrumb\" data-id=\"8b9d3c4\" data-element_type=\"widget\" data-e-type=\"widget\" data-widget_type=\"woocommerce-breadcrumb.default\">\n\t\t\t\t<div class=\"elementor-widget-container\">\n\t\t\t\t\t<nav class=\"woocommerce-breadcrumb\" aria-label=\"Breadcrumb\">Home<\/nav>\t\t\t\t<\/div>\n\t\t\t\t<\/div>\n\t\t\t\t\t<\/div>\n\t\t<\/div>\n\t\t\t\t\t<\/div>\n\t\t<\/section>\n\t\t\t\t<\/div>\n\t\t","protected":false},"excerpt":{"rendered":"<p>Eemalda Thumbnail image Toode Hind Kogus Vahesumma 10-keelne labaga kannel Puit: Kuusk V\u00e4rv: Tume K\u00f5lakaane muster: Augumuster &euro;340.00 10-keelne labaga kannel kogus &euro;340.00 Cart Totals Vahesumma &euro;340.00 Kokku &euro;340.00 Proceed to Checkout<\/p>\n","protected":false},"author":1,"featured_media":0,"parent":0,"menu_order":0,"comment_status":"closed","ping_status":"closed","template":"","meta":{"inline_featured_image":false,"site-sidebar-layout":"default","site-content-layout":"","ast-site-content-layout":"default","site-content-style":"default","site-sidebar-style":"default","ast-global-header-display":"","ast-banner-title-visibility":"","ast-main-header-display":"","ast-hfb-above-header-display":"","ast-hfb-below-header-display":"","ast-hfb-mobile-header-display":"","site-post-title":"","ast-breadcrumbs-content":"","ast-featured-img":"","footer-sml-layout":"","theme-transparent-header-meta":"","adv-header-id-meta":"","stick-header-meta":"","header-above-stick-meta":"","header-main-stick-meta":"","header-below-stick-meta":"","astra-migrate-meta-layouts":"default","ast-page-background-enabled":"default","ast-page-background-meta":{"desktop":{"background-color":"","background-image":"","background-repeat":"repeat","background-position":"center center","background-size":"auto","background-attachment":"scroll","background-type":"","background-media":"","overlay-type":"","overlay-color":"","overlay-opacity":"","overlay-gradient":""},"tablet":{"background-color":"","background-image":"","background-repeat":"repeat","background-position":"center center","background-size":"auto","background-attachment":"scroll","background-type":"","background-media":"","overlay-type":"","overlay-color":"","overlay-opacity":"","overlay-gradient":""},"mobile":{"background-color":"","background-image":"","background-repeat":"repeat","background-position":"center center","background-size":"auto","background-attachment":"scroll","background-type":"","background-media":"","overlay-type":"","overlay-color":"","overlay-opacity":"","overlay-gradient":""}},"ast-content-background-meta":{"desktop":{"background-color":"var(--ast-global-color-5)","background-image":"","background-repeat":"repeat","background-position":"center center","background-size":"auto","background-attachment":"scroll","background-type":"","background-media":"","overlay-type":"","overlay-color":"","overlay-opacity":"","overlay-gradient":""},"tablet":{"background-color":"var(--ast-global-color-5)","background-image":"","background-repeat":"repeat","background-position":"center center","background-size":"auto","background-attachment":"scroll","background-type":"","background-media":"","overlay-type":"","overlay-color":"","overlay-opacity":"","overlay-gradient":""},"mobile":{"background-color":"var(--ast-global-color-5)","background-image":"","background-repeat":"repeat","background-position":"center center","background-size":"auto","background-attachment":"scroll","background-type":"","background-media":"","overlay-type":"","overlay-color":"","overlay-opacity":"","overlay-gradient":""}},"footnotes":""},"class_list":["post-2523","page","type-page","status-publish","hentry"],"yoast_head":"<!-- This site is optimized with the Yoast SEO plugin v27.5 - https:\/\/yoast.com\/product\/yoast-seo-wordpress\/ -->\n<title>Shopping cart - Pillimeister Mihkel Soon<\/title>\n<meta name=\"robots\" content=\"index, follow, max-snippet:-1, max-image-preview:large, max-video-preview:-1\" \/>\n<link rel=\"canonical\" href=\"https:\/\/mihkelsoon.com\/en\/shopping-cart-2\/\" \/>\n<meta property=\"og:locale\" content=\"en_US\" \/>\n<meta property=\"og:type\" content=\"article\" \/>\n<meta property=\"og:title\" content=\"Shopping cart - Pillimeister Mihkel Soon\" \/>\n<meta property=\"og:description\" content=\"Eemalda Thumbnail image Toode Hind Kogus Vahesumma 10-keelne labaga kannel Puit: Kuusk V\u00e4rv: Tume K\u00f5lakaane muster: Augumuster &euro;340.00 10-keelne labaga kannel kogus &euro;340.00 Cart Totals Vahesumma &euro;340.00 Kokku &euro;340.00 Proceed to Checkout\" \/>\n<meta property=\"og:url\" content=\"https:\/\/mihkelsoon.com\/en\/shopping-cart-2\/\" \/>\n<meta property=\"og:site_name\" content=\"Pillimeister Mihkel Soon\" \/>\n<meta property=\"article:publisher\" content=\"https:\/\/www.facebook.com\/kandlemeister\" \/>\n<meta property=\"article:modified_time\" content=\"2023-05-19T07:54:45+00:00\" \/>\n<meta property=\"og:image\" content=\"https:\/\/www.mihkelsoon.com\/wp-content\/uploads\/2023\/04\/10D-labaga-kannel-kaheksakand-hele-saar-4-300x200.jpg\" \/>\n<meta name=\"twitter:card\" content=\"summary_large_image\" \/>\n<script type=\"application\/ld+json\" class=\"yoast-schema-graph\">{\"@context\":\"https:\\\/\\\/schema.org\",\"@graph\":[{\"@type\":\"WebPage\",\"@id\":\"https:\\\/\\\/mihkelsoon.com\\\/en\\\/shopping-cart-2\\\/\",\"url\":\"https:\\\/\\\/mihkelsoon.com\\\/en\\\/shopping-cart-2\\\/\",\"name\":\"Shopping cart - Pillimeister Mihkel Soon\",\"isPartOf\":{\"@id\":\"https:\\\/\\\/mihkelsoon.com\\\/#website\"},\"primaryImageOfPage\":{\"@id\":\"https:\\\/\\\/mihkelsoon.com\\\/en\\\/shopping-cart-2\\\/#primaryimage\"},\"image\":{\"@id\":\"https:\\\/\\\/mihkelsoon.com\\\/en\\\/shopping-cart-2\\\/#primaryimage\"},\"thumbnailUrl\":\"https:\\\/\\\/www.mihkelsoon.com\\\/wp-content\\\/uploads\\\/2023\\\/04\\\/10D-labaga-kannel-kaheksakand-hele-saar-4-300x200.jpg\",\"datePublished\":\"2021-05-03T07:30:12+00:00\",\"dateModified\":\"2023-05-19T07:54:45+00:00\",\"breadcrumb\":{\"@id\":\"https:\\\/\\\/mihkelsoon.com\\\/en\\\/shopping-cart-2\\\/#breadcrumb\"},\"inLanguage\":\"en-US\",\"potentialAction\":[{\"@type\":\"ReadAction\",\"target\":[\"https:\\\/\\\/mihkelsoon.com\\\/en\\\/shopping-cart-2\\\/\"]}]},{\"@type\":\"ImageObject\",\"inLanguage\":\"en-US\",\"@id\":\"https:\\\/\\\/mihkelsoon.com\\\/en\\\/shopping-cart-2\\\/#primaryimage\",\"url\":\"https:\\\/\\\/www.mihkelsoon.com\\\/wp-content\\\/uploads\\\/2023\\\/04\\\/10D-labaga-kannel-kaheksakand-hele-saar-4-300x200.jpg\",\"contentUrl\":\"https:\\\/\\\/www.mihkelsoon.com\\\/wp-content\\\/uploads\\\/2023\\\/04\\\/10D-labaga-kannel-kaheksakand-hele-saar-4-300x200.jpg\"},{\"@type\":\"BreadcrumbList\",\"@id\":\"https:\\\/\\\/mihkelsoon.com\\\/en\\\/shopping-cart-2\\\/#breadcrumb\",\"itemListElement\":[{\"@type\":\"ListItem\",\"position\":1,\"name\":\"Home\",\"item\":\"https:\\\/\\\/mihkelsoon.com\\\/\"},{\"@type\":\"ListItem\",\"position\":2,\"name\":\"Shopping cart\"}]},{\"@type\":\"WebSite\",\"@id\":\"https:\\\/\\\/mihkelsoon.com\\\/#website\",\"url\":\"https:\\\/\\\/mihkelsoon.com\\\/\",\"name\":\"Pillimeister Mihkel Soon\",\"description\":\"V\u00e4ikekannelde ja hiiu-rootsi kannelde m\u00fc\u00fck, tellimust\u00f6\u00f6na valmistamine ja remont.\",\"publisher\":{\"@id\":\"https:\\\/\\\/mihkelsoon.com\\\/#organization\"},\"potentialAction\":[{\"@type\":\"SearchAction\",\"target\":{\"@type\":\"EntryPoint\",\"urlTemplate\":\"https:\\\/\\\/mihkelsoon.com\\\/?s={search_term_string}\"},\"query-input\":{\"@type\":\"PropertyValueSpecification\",\"valueRequired\":true,\"valueName\":\"search_term_string\"}}],\"inLanguage\":\"en-US\"},{\"@type\":\"Organization\",\"@id\":\"https:\\\/\\\/mihkelsoon.com\\\/#organization\",\"name\":\"Pillimeister Mihkel Soon O\u00dc\",\"url\":\"https:\\\/\\\/mihkelsoon.com\\\/\",\"logo\":{\"@type\":\"ImageObject\",\"inLanguage\":\"en-US\",\"@id\":\"https:\\\/\\\/mihkelsoon.com\\\/#\\\/schema\\\/logo\\\/image\\\/\",\"url\":\"https:\\\/\\\/mihkelsoon.com\\\/wp-content\\\/uploads\\\/2023\\\/04\\\/Mihkel-Soon-logo-500x500-500-\u00d7-200-px.svg\",\"contentUrl\":\"https:\\\/\\\/mihkelsoon.com\\\/wp-content\\\/uploads\\\/2023\\\/04\\\/Mihkel-Soon-logo-500x500-500-\u00d7-200-px.svg\",\"width\":500,\"height\":200,\"caption\":\"Pillimeister Mihkel Soon O\u00dc\"},\"image\":{\"@id\":\"https:\\\/\\\/mihkelsoon.com\\\/#\\\/schema\\\/logo\\\/image\\\/\"},\"sameAs\":[\"https:\\\/\\\/www.facebook.com\\\/kandlemeister\"]}]}<\/script>\n<!-- \/ Yoast SEO plugin. -->","yoast_head_json":{"title":"Shopping cart - Pillimeister Mihkel Soon","robots":{"index":"index","follow":"follow","max-snippet":"max-snippet:-1","max-image-preview":"max-image-preview:large","max-video-preview":"max-video-preview:-1"},"canonical":"https:\/\/mihkelsoon.com\/en\/shopping-cart-2\/","og_locale":"en_US","og_type":"article","og_title":"Shopping cart - Pillimeister Mihkel Soon","og_description":"Eemalda Thumbnail image Toode Hind Kogus Vahesumma 10-keelne labaga kannel Puit: Kuusk V\u00e4rv: Tume K\u00f5lakaane muster: Augumuster &euro;340.00 10-keelne labaga kannel kogus &euro;340.00 Cart Totals Vahesumma &euro;340.00 Kokku &euro;340.00 Proceed to Checkout","og_url":"https:\/\/mihkelsoon.com\/en\/shopping-cart-2\/","og_site_name":"Pillimeister Mihkel Soon","article_publisher":"https:\/\/www.facebook.com\/kandlemeister","article_modified_time":"2023-05-19T07:54:45+00:00","og_image":[{"url":"https:\/\/www.mihkelsoon.com\/wp-content\/uploads\/2023\/04\/10D-labaga-kannel-kaheksakand-hele-saar-4-300x200.jpg","type":"","width":"","height":""}],"twitter_card":"summary_large_image","schema":{"@context":"https:\/\/schema.org","@graph":[{"@type":"WebPage","@id":"https:\/\/mihkelsoon.com\/en\/shopping-cart-2\/","url":"https:\/\/mihkelsoon.com\/en\/shopping-cart-2\/","name":"Shopping cart - Pillimeister Mihkel Soon","isPartOf":{"@id":"https:\/\/mihkelsoon.com\/#website"},"primaryImageOfPage":{"@id":"https:\/\/mihkelsoon.com\/en\/shopping-cart-2\/#primaryimage"},"image":{"@id":"https:\/\/mihkelsoon.com\/en\/shopping-cart-2\/#primaryimage"},"thumbnailUrl":"https:\/\/www.mihkelsoon.com\/wp-content\/uploads\/2023\/04\/10D-labaga-kannel-kaheksakand-hele-saar-4-300x200.jpg","datePublished":"2021-05-03T07:30:12+00:00","dateModified":"2023-05-19T07:54:45+00:00","breadcrumb":{"@id":"https:\/\/mihkelsoon.com\/en\/shopping-cart-2\/#breadcrumb"},"inLanguage":"en-US","potentialAction":[{"@type":"ReadAction","target":["https:\/\/mihkelsoon.com\/en\/shopping-cart-2\/"]}]},{"@type":"ImageObject","inLanguage":"en-US","@id":"https:\/\/mihkelsoon.com\/en\/shopping-cart-2\/#primaryimage","url":"https:\/\/www.mihkelsoon.com\/wp-content\/uploads\/2023\/04\/10D-labaga-kannel-kaheksakand-hele-saar-4-300x200.jpg","contentUrl":"https:\/\/www.mihkelsoon.com\/wp-content\/uploads\/2023\/04\/10D-labaga-kannel-kaheksakand-hele-saar-4-300x200.jpg"},{"@type":"BreadcrumbList","@id":"https:\/\/mihkelsoon.com\/en\/shopping-cart-2\/#breadcrumb","itemListElement":[{"@type":"ListItem","position":1,"name":"Home","item":"https:\/\/mihkelsoon.com\/"},{"@type":"ListItem","position":2,"name":"Shopping cart"}]},{"@type":"WebSite","@id":"https:\/\/mihkelsoon.com\/#website","url":"https:\/\/mihkelsoon.com\/","name":"Pillimeister Mihkel Soon","description":"V\u00e4ikekannelde ja hiiu-rootsi kannelde m\u00fc\u00fck, tellimust\u00f6\u00f6na valmistamine ja remont.","publisher":{"@id":"https:\/\/mihkelsoon.com\/#organization"},"potentialAction":[{"@type":"SearchAction","target":{"@type":"EntryPoint","urlTemplate":"https:\/\/mihkelsoon.com\/?s={search_term_string}"},"query-input":{"@type":"PropertyValueSpecification","valueRequired":true,"valueName":"search_term_string"}}],"inLanguage":"en-US"},{"@type":"Organization","@id":"https:\/\/mihkelsoon.com\/#organization","name":"Pillimeister Mihkel Soon O\u00dc","url":"https:\/\/mihkelsoon.com\/","logo":{"@type":"ImageObject","inLanguage":"en-US","@id":"https:\/\/mihkelsoon.com\/#\/schema\/logo\/image\/","url":"https:\/\/mihkelsoon.com\/wp-content\/uploads\/2023\/04\/Mihkel-Soon-logo-500x500-500-\u00d7-200-px.svg","contentUrl":"https:\/\/mihkelsoon.com\/wp-content\/uploads\/2023\/04\/Mihkel-Soon-logo-500x500-500-\u00d7-200-px.svg","width":500,"height":200,"caption":"Pillimeister Mihkel Soon O\u00dc"},"image":{"@id":"https:\/\/mihkelsoon.com\/#\/schema\/logo\/image\/"},"sameAs":["https:\/\/www.facebook.com\/kandlemeister"]}]}},"_links":{"self":[{"href":"https:\/\/mihkelsoon.com\/en\/wp-json\/wp\/v2\/pages\/2523","targetHints":{"allow":["GET"]}}],"collection":[{"href":"https:\/\/mihkelsoon.com\/en\/wp-json\/wp\/v2\/pages"}],"about":[{"href":"https:\/\/mihkelsoon.com\/en\/wp-json\/wp\/v2\/types\/page"}],"author":[{"embeddable":true,"href":"https:\/\/mihkelsoon.com\/en\/wp-json\/wp\/v2\/users\/1"}],"replies":[{"embeddable":true,"href":"https:\/\/mihkelsoon.com\/en\/wp-json\/wp\/v2\/comments?post=2523"}],"version-history":[{"count":5,"href":"https:\/\/mihkelsoon.com\/en\/wp-json\/wp\/v2\/pages\/2523\/revisions"}],"predecessor-version":[{"id":3953,"href":"https:\/\/mihkelsoon.com\/en\/wp-json\/wp\/v2\/pages\/2523\/revisions\/3953"}],"wp:attachment":[{"href":"https:\/\/mihkelsoon.com\/en\/wp-json\/wp\/v2\/media?parent=2523"}],"curies":[{"name":"wp","href":"https:\/\/api.w.org\/{rel}","templated":true}]}}